{"id":807,"date":"2024-04-25T17:00:49","date_gmt":"2024-04-25T15:00:49","guid":{"rendered":"https:\/\/isowatt.fr\/pro\/?page_id=807"},"modified":"2024-07-03T09:53:22","modified_gmt":"2024-07-03T07:53:22","slug":"contact","status":"publish","type":"page","link":"https:\/\/isowatt.fr\/pro\/contact\/","title":{"rendered":"Contact"},"content":{"rendered":"\t\t<div data-elementor-type=\"wp-page\" data-elementor-id=\"807\" class=\"elementor elementor-807\" data-elementor-post-type=\"page\">\n\t\t\t\t<div class=\"elementor-element elementor-element-75dc1be e-con-full e-flex elementor-invisible e-con e-child\" data-id=\"75dc1be\" data-element_type=\"container\" data-settings=\"{&quot;background_background&quot;:&quot;classic&quot;,&quot;animation&quot;:&quot;fadeIn&quot;}\">\n\t\t<div class=\"elementor-element elementor-element-ce020c7 e-con-full e-flex e-con e-child\" data-id=\"ce020c7\" data-element_type=\"container\" data-settings=\"{&quot;background_background&quot;:&quot;classic&quot;}\">\n\t\t<div class=\"elementor-element elementor-element-780e978 e-con-full e-transform e-flex e-con e-child\" data-id=\"780e978\" data-element_type=\"container\" data-settings=\"{&quot;background_background&quot;:&quot;classic&quot;,&quot;position&quot;:&quot;absolute&quot;,&quot;_transform_translateX_effect&quot;:{&quot;unit&quot;:&quot;%&quot;,&quot;size&quot;:50,&quot;sizes&quot;:[]},&quot;_transform_translateX_effect_laptop&quot;:{&quot;unit&quot;:&quot;%&quot;,&quot;size&quot;:&quot;&quot;,&quot;sizes&quot;:[]},&quot;_transform_translateX_effect_tablet_extra&quot;:{&quot;unit&quot;:&quot;%&quot;,&quot;size&quot;:&quot;&quot;,&quot;sizes&quot;:[]},&quot;_transform_translateX_effect_tablet&quot;:{&quot;unit&quot;:&quot;%&quot;,&quot;size&quot;:&quot;&quot;,&quot;sizes&quot;:[]},&quot;_transform_translateX_effect_mobile_extra&quot;:{&quot;unit&quot;:&quot;%&quot;,&quot;size&quot;:&quot;&quot;,&quot;sizes&quot;:[]},&quot;_transform_translateX_effect_mobile&quot;:{&quot;unit&quot;:&quot;%&quot;,&quot;size&quot;:&quot;&quot;,&quot;sizes&quot;:[]},&quot;_transform_translateY_effect&quot;:{&quot;unit&quot;:&quot;%&quot;,&quot;size&quot;:50,&quot;sizes&quot;:[]},&quot;_transform_translateY_effect_laptop&quot;:{&quot;unit&quot;:&quot;%&quot;,&quot;size&quot;:&quot;&quot;,&quot;sizes&quot;:[]},&quot;_transform_translateY_effect_tablet_extra&quot;:{&quot;unit&quot;:&quot;%&quot;,&quot;size&quot;:&quot;&quot;,&quot;sizes&quot;:[]},&quot;_transform_translateY_effect_tablet&quot;:{&quot;unit&quot;:&quot;%&quot;,&quot;size&quot;:&quot;&quot;,&quot;sizes&quot;:[]},&quot;_transform_translateY_effect_mobile_extra&quot;:{&quot;unit&quot;:&quot;%&quot;,&quot;size&quot;:&quot;&quot;,&quot;sizes&quot;:[]},&quot;_transform_translateY_effect_mobile&quot;:{&quot;unit&quot;:&quot;%&quot;,&quot;size&quot;:&quot;&quot;,&quot;sizes&quot;:[]},&quot;_transform_translateX_effect_widescreen&quot;:{&quot;unit&quot;:&quot;px&quot;,&quot;size&quot;:&quot;&quot;,&quot;sizes&quot;:[]},&quot;_transform_translateY_effect_widescreen&quot;:{&quot;unit&quot;:&quot;px&quot;,&quot;size&quot;:&quot;&quot;,&quot;sizes&quot;:[]}}\">\n\t\t\t\t<\/div>\n\t\t\t\t<div class=\"elementor-element elementor-element-550b0fc elementor-widget elementor-widget-image\" data-id=\"550b0fc\" data-element_type=\"widget\" data-widget_type=\"image.default\">\n\t\t\t\t<div class=\"elementor-widget-container\">\n\t\t\t\t\t\t\t\t\t\t\t\t\t\t\t<img fetchpriority=\"high\" decoding=\"async\" width=\"1280\" height=\"853\" src=\"https:\/\/isowatt.fr\/pro\/wp-content\/uploads\/sites\/2\/2024\/04\/contact-isowatt.webp\" class=\"attachment-full size-full wp-image-877\" alt=\"\" srcset=\"https:\/\/isowatt.fr\/pro\/wp-content\/uploads\/sites\/2\/2024\/04\/contact-isowatt.webp 1280w, https:\/\/isowatt.fr\/pro\/wp-content\/uploads\/sites\/2\/2024\/04\/contact-isowatt-300x200.webp 300w, https:\/\/isowatt.fr\/pro\/wp-content\/uploads\/sites\/2\/2024\/04\/contact-isowatt-1024x682.webp 1024w, https:\/\/isowatt.fr\/pro\/wp-content\/uploads\/sites\/2\/2024\/04\/contact-isowatt-768x512.webp 768w\" sizes=\"(max-width: 1280px) 100vw, 1280px\" \/>\t\t\t\t\t\t\t\t\t\t\t\t\t\t\t<\/div>\n\t\t\t\t<\/div>\n\t\t\t\t<\/div>\n\t\t<div class=\"elementor-element elementor-element-0a99c84 e-con-full e-transform e-flex e-con e-child\" data-id=\"0a99c84\" data-element_type=\"container\" data-settings=\"{&quot;_transform_translateX_effect&quot;:{&quot;unit&quot;:&quot;%&quot;,&quot;size&quot;:-50,&quot;sizes&quot;:[]},&quot;_transform_translateX_effect_laptop&quot;:{&quot;unit&quot;:&quot;%&quot;,&quot;size&quot;:&quot;&quot;,&quot;sizes&quot;:[]},&quot;_transform_translateX_effect_tablet_extra&quot;:{&quot;unit&quot;:&quot;%&quot;,&quot;size&quot;:&quot;&quot;,&quot;sizes&quot;:[]},&quot;_transform_translateX_effect_tablet&quot;:{&quot;unit&quot;:&quot;%&quot;,&quot;size&quot;:&quot;&quot;,&quot;sizes&quot;:[]},&quot;_transform_translateX_effect_mobile_extra&quot;:{&quot;unit&quot;:&quot;%&quot;,&quot;size&quot;:&quot;&quot;,&quot;sizes&quot;:[]},&quot;_transform_translateX_effect_mobile&quot;:{&quot;unit&quot;:&quot;%&quot;,&quot;size&quot;:&quot;&quot;,&quot;sizes&quot;:[]},&quot;_transform_translateY_effect&quot;:{&quot;unit&quot;:&quot;%&quot;,&quot;size&quot;:-50,&quot;sizes&quot;:[]},&quot;_transform_translateY_effect_laptop&quot;:{&quot;unit&quot;:&quot;%&quot;,&quot;size&quot;:&quot;&quot;,&quot;sizes&quot;:[]},&quot;_transform_translateY_effect_tablet_extra&quot;:{&quot;unit&quot;:&quot;%&quot;,&quot;size&quot;:&quot;&quot;,&quot;sizes&quot;:[]},&quot;_transform_translateY_effect_tablet&quot;:{&quot;unit&quot;:&quot;%&quot;,&quot;size&quot;:&quot;&quot;,&quot;sizes&quot;:[]},&quot;_transform_translateY_effect_mobile_extra&quot;:{&quot;unit&quot;:&quot;%&quot;,&quot;size&quot;:&quot;&quot;,&quot;sizes&quot;:[]},&quot;_transform_translateY_effect_mobile&quot;:{&quot;unit&quot;:&quot;%&quot;,&quot;size&quot;:&quot;&quot;,&quot;sizes&quot;:[]},&quot;background_background&quot;:&quot;classic&quot;,&quot;position&quot;:&quot;absolute&quot;,&quot;_transform_translateX_effect_widescreen&quot;:{&quot;unit&quot;:&quot;px&quot;,&quot;size&quot;:&quot;&quot;,&quot;sizes&quot;:[]},&quot;_transform_translateY_effect_widescreen&quot;:{&quot;unit&quot;:&quot;px&quot;,&quot;size&quot;:&quot;&quot;,&quot;sizes&quot;:[]}}\">\n\t\t\t\t<div class=\"elementor-element elementor-element-785c484 elementor-widget elementor-widget-heading\" data-id=\"785c484\" data-element_type=\"widget\" data-widget_type=\"heading.default\">\n\t\t\t\t<div class=\"elementor-widget-container\">\n\t\t\t\t\t<h1 class=\"elementor-heading-title elementor-size-default\">Contactez Isowatt, votre entreprise de pose de panneaux solaires<\/h1>\t\t\t\t<\/div>\n\t\t\t\t<\/div>\n\t\t\t\t<div class=\"elementor-element elementor-element-8ff2c9f elementor-widget elementor-widget-text-editor\" data-id=\"8ff2c9f\" data-element_type=\"widget\" data-widget_type=\"text-editor.default\">\n\t\t\t\t<div class=\"elementor-widget-container\">\n\t\t\t\t\t\t\t\t\t<p style=\"text-align: center;\">Vous avez un projet de toiture : la r\u00e9nover, la mettre aux normes, l\u2019isoler, la d\u00e9samianter \u2026 nous avons une solution.<\/p><p>\u00a0<\/p>\t\t\t\t\t\t\t\t<\/div>\n\t\t\t\t<\/div>\n\t\t\t\t<\/div>\n\t\t\t\t<\/div>\n\t\t<div class=\"elementor-element elementor-element-05ce5a7 e-con-full e-flex elementor-invisible e-con e-child\" data-id=\"05ce5a7\" data-element_type=\"container\" data-settings=\"{&quot;animation&quot;:&quot;fadeIn&quot;}\">\n\t\t<div class=\"elementor-element elementor-element-7e77132 e-con-full e-flex e-con e-child\" data-id=\"7e77132\" data-element_type=\"container\">\n\t\t<div class=\"elementor-element elementor-element-2abd434 e-con-full e-flex e-con e-child\" data-id=\"2abd434\" data-element_type=\"container\">\n\t\t\t\t<div class=\"elementor-element elementor-element-b1623cc elementor-widget elementor-widget-heading\" data-id=\"b1623cc\" data-element_type=\"widget\" data-widget_type=\"heading.default\">\n\t\t\t\t<div class=\"elementor-widget-container\">\n\t\t\t\t\t<h2 class=\"elementor-heading-title elementor-size-default\">Contact Isowatt\u202f: par t\u00e9l\u00e9phone<\/h2>\t\t\t\t<\/div>\n\t\t\t\t<\/div>\n\t\t\t\t<div class=\"elementor-element elementor-element-bd3e2c4 elementor-widget elementor-widget-text-editor\" data-id=\"bd3e2c4\" data-element_type=\"widget\" data-widget_type=\"text-editor.default\">\n\t\t\t\t<div class=\"elementor-widget-container\">\n\t\t\t\t\t\t\t\t\t<p><span data-contrast=\"auto\">Isowatt est pr\u00e9sent dans l\u2019Est de la France, en Auvergne-Rh\u00f4ne-Alpes et en r\u00e9gion Occitanie. <\/span><span data-contrast=\"auto\">Vous pouvez joindre l\u2019\u00e9quipe <\/span><b><span data-contrast=\"auto\">Isowatt<\/span><\/b><span data-contrast=\"auto\"> au si\u00e8ge \u00e0 Dardilly, pr\u00e8s de Lyon. Nous vous r\u00e9pondons du lundi au vendredi de 9h \u00e0 12h30 et de 13h30 \u00e0 16h30 par t\u00e9l\u00e9ph<\/span><span data-contrast=\"auto\">one au <\/span><span style=\"color: #3366ff;\"><a style=\"color: #3366ff;\" href=\"https:\/\/www.google.com\/search?q=isowatt&amp;oq=isowatt&amp;gs_lcrp=EgZjaHJvbWUyBggAEEUYOTIGCAEQRRg7MgYIAhBFGDwyBggDEEUYPDIGCAQQRRg8MgYIBRBFGEEyBggGEEUYQTIGCAcQRRhB0gEIMTEwNWowajeoAgCwAgA&amp;sourceid=chrome&amp;ie=UTF-8\" target=\"_blank\" rel=\"noopener\">04 78 88 16 79<\/a><\/span><span data-contrast=\"auto\">.<\/span><\/p>\t\t\t\t\t\t\t\t<\/div>\n\t\t\t\t<\/div>\n\t\t\t\t<\/div>\n\t\t\t\t<\/div>\n\t\t<div class=\"elementor-element elementor-element-381e006 e-con-full e-flex e-con e-child\" data-id=\"381e006\" data-element_type=\"container\">\n\t\t<div class=\"elementor-element elementor-element-c511c88 e-con-full e-flex e-con e-child\" data-id=\"c511c88\" data-element_type=\"container\">\n\t\t\t\t<div class=\"elementor-element elementor-element-fea6280 elementor-widget elementor-widget-heading\" data-id=\"fea6280\" data-element_type=\"widget\" data-widget_type=\"heading.default\">\n\t\t\t\t<div class=\"elementor-widget-container\">\n\t\t\t\t\t<h2 class=\"elementor-heading-title elementor-size-default\">\u00c9crivez-nous par mail  <\/h2>\t\t\t\t<\/div>\n\t\t\t\t<\/div>\n\t\t\t\t<div class=\"elementor-element elementor-element-578758d elementor-widget elementor-widget-text-editor\" data-id=\"578758d\" data-element_type=\"widget\" data-widget_type=\"text-editor.default\">\n\t\t\t\t<div class=\"elementor-widget-container\">\n\t\t\t\t\t\t\t\t\t<p><span class=\"TextRun SCXW180960527 BCX0\" lang=\"FR-FR\" xml:lang=\"FR-FR\" data-contrast=\"auto\"><span class=\"NormalTextRun SCXW180960527 BCX0\">Vous pr\u00e9f\u00e9rez nous \u00e9crire<\/span><span class=\"NormalTextRun SCXW180960527 BCX0\"> : e<\/span><span class=\"NormalTextRun SCXW180960527 BCX0\">nvoyez-nous un <\/span><\/span><span class=\"TextRun SCXW180960527 BCX0\" lang=\"FR-FR\" xml:lang=\"FR-FR\" data-contrast=\"auto\"><span class=\"NormalTextRun AdvancedProofingIssueV2Themed SCXW180960527 BCX0\">email<\/span><\/span><span class=\"TextRun SCXW180960527 BCX0\" lang=\"FR-FR\" xml:lang=\"FR-FR\" data-contrast=\"auto\"><span class=\"NormalTextRun SCXW180960527 BCX0\"> \u00e0<\/span> <a href=\"mailto:contact@isowatt.fr\"><span class=\"NormalTextRun SCXW180960527 BCX0\" style=\"color: #3366ff;\">contac<\/span><span class=\"NormalTextRun SCXW180960527 BCX0\" style=\"color: #3366ff;\">t<\/span><\/a><\/span><span style=\"color: #3366ff;\"><span class=\"TextRun SCXW180960527 BCX0\" lang=\"FR-FR\" xml:lang=\"FR-FR\" data-contrast=\"auto\"><span class=\"NormalTextRun SCXW180960527 BCX0\">@isowatt.fr<\/span><\/span><\/span><span class=\"TextRun SCXW180960527 BCX0\" lang=\"FR-FR\" xml:lang=\"FR-FR\" data-contrast=\"auto\"><span class=\"NormalTextRun SCXW180960527 BCX0\"> ou <\/span><span class=\"NormalTextRun SCXW180960527 BCX0\">remplissez <\/span><span class=\"NormalTextRun SCXW180960527 BCX0\">directement le formulaire ci-dessous<\/span><\/span><span class=\"TextRun SCXW180960527 BCX0\" lang=\"FR-FR\" xml:lang=\"FR-FR\" data-contrast=\"auto\"> <span class=\"NormalTextRun SCXW180960527 BCX0\">et expliquez-nous votre besoin.<\/span><span class=\"NormalTextRun SCXW180960527 BCX0\"> N\u2019oubliez pas de nous indiquer le d\u00e9partement et la ville o<\/span><span class=\"NormalTextRun SCXW180960527 BCX0\">\u00f9<\/span><span class=\"NormalTextRun SCXW180960527 BCX0\"> vous vivez ainsi qu\u2019un num\u00e9ro<\/span><span class=\"NormalTextRun SCXW180960527 BCX0\"> fixe ou portable<\/span><span class=\"NormalTextRun SCXW180960527 BCX0\">, ainsi que<\/span><span class=\"NormalTextRun SCXW180960527 BCX0\"> les horaires auxquels <\/span><span class=\"NormalTextRun SCXW180960527 BCX0\">nous pouvons vous joindre.<\/span><\/span><\/p>\t\t\t\t\t\t\t\t<\/div>\n\t\t\t\t<\/div>\n\t\t\t\t<\/div>\n\t\t\t\t<\/div>\n\t\t<div class=\"elementor-element elementor-element-2b81993 e-con-full e-flex e-con e-child\" data-id=\"2b81993\" data-element_type=\"container\">\n\t\t<div class=\"elementor-element elementor-element-aec6e4c e-con-full e-flex e-con e-child\" data-id=\"aec6e4c\" data-element_type=\"container\">\n\t\t\t\t<div class=\"elementor-element elementor-element-ce48352 elementor-widget elementor-widget-shortcode\" data-id=\"ce48352\" data-element_type=\"widget\" data-widget_type=\"shortcode.default\">\n\t\t\t\t<div class=\"elementor-widget-container\">\n\t\t\t\t\t\t\t<div class=\"elementor-shortcode\"><div class=\"frm_forms  with_frm_style frm_style_candidature_spontanee\" id=\"frm_form_1_container\" >\n<form enctype=\"multipart\/form-data\" method=\"post\" class=\"frm-show-form  frm_pro_form \" id=\"form_contact-form\" >\n<div class=\"frm_form_fields \">\n<fieldset>\n<legend class=\"frm_screen_reader\">Contact Isowatt<\/legend>\r\n\r\n<div class=\"frm_fields_container\">\n<input type=\"hidden\" name=\"frm_action\" value=\"create\" \/>\n<input type=\"hidden\" name=\"form_id\" value=\"1\" \/>\n<input type=\"hidden\" name=\"frm_hide_fields_1\" id=\"frm_hide_fields_1\" value=\"\" \/>\n<input type=\"hidden\" name=\"form_key\" value=\"contact-form\" \/>\n<input type=\"hidden\" name=\"item_meta[0]\" value=\"\" \/>\n<input type=\"hidden\" id=\"frm_submit_entry_1\" name=\"frm_submit_entry_1\" value=\"4faffb9edb\" \/><input type=\"hidden\" name=\"_wp_http_referer\" value=\"\/pro\/wp-json\/wp\/v2\/pages\/807\" \/><div id=\"frm_field_1_container\" class=\"frm_form_field form-field  frm_required_field frm_top_container frm_first frm_half\">\r\n\t<label for=\"field_qh4icy\" id=\"field_qh4icy_label\" class=\"frm_primary_label\">\r\n\t\t<span class=\"frm_required\" aria-hidden=\"true\">*<\/span>\r\n\t<\/label>\r\n\t<input  type=\"text\" id=\"field_qh4icy\" name=\"item_meta[1]\" value=\"\"  placeholder=\"Pr\u00e9nom\" data-reqmsg=\"Ce champ cannot be blank.\" aria-required=\"true\" data-invmsg=\"Ce champ est non valide\" aria-invalid=\"false\"   \/>\r\n\t\r\n\t\r\n<\/div>\n<div id=\"frm_field_2_container\" class=\"frm_form_field form-field  frm_required_field frm_hidden_container frm_half\">\r\n\t<label for=\"field_ocfup1\" id=\"field_ocfup1_label\" class=\"frm_primary_label\">\r\n\t\t<span class=\"frm_required\" aria-hidden=\"true\">*<\/span>\r\n\t<\/label>\r\n\t<input  type=\"text\" id=\"field_ocfup1\" name=\"item_meta[2]\" value=\"\"  placeholder=\"Nom\" data-reqmsg=\"Ce champ cannot be blank.\" aria-required=\"true\" data-invmsg=\"Ce champ est non valide\" aria-invalid=\"false\"   \/>\r\n\t\r\n\t\r\n<\/div>\n<div id=\"frm_field_7_container\" class=\"frm_form_field form-field  frm_required_field frm_top_container frm6 frm_first\">\r\n\t<label for=\"field_2dqax\" id=\"field_2dqax_label\" class=\"frm_primary_label\">\r\n\t\t<span class=\"frm_required\" aria-hidden=\"true\">*<\/span>\r\n\t<\/label>\r\n\t<input  type=\"text\" id=\"field_2dqax\" name=\"item_meta[7]\" value=\"\"  placeholder=\"Entreprise\" data-reqmsg=\"Ce champ ne peut pas \u00eatre vide.\" aria-required=\"true\" data-invmsg=\"Ce champ est non valide\" aria-invalid=\"false\"   \/>\r\n\t\r\n\t\r\n<\/div>\n<div id=\"frm_field_8_container\" class=\"frm_form_field form-field  frm_required_field frm_top_container frm6\">\r\n\t<label for=\"field_eobw1\" id=\"field_eobw1_label\" class=\"frm_primary_label\">\r\n\t\t<span class=\"frm_required\" aria-hidden=\"true\">*<\/span>\r\n\t<\/label>\r\n\t<input type=\"number\" id=\"field_eobw1\" name=\"item_meta[8]\" value=\"\" placeholder=\"Code postal\" data-reqmsg=\"Ce champ ne peut pas \u00eatre vide.\" aria-required=\"true\" data-invmsg=\"Ce champ est non valide\" aria-invalid=\"false\"   min=\"0\" max=\"9999999\" step=\"any\" \/>\r\n\t\r\n\t\r\n<\/div>\n<div id=\"frm_field_3_container\" class=\"frm_form_field form-field  frm_required_field frm_top_container frm6 frm_first\">\r\n\t<label for=\"field_29yf4d\" id=\"field_29yf4d_label\" class=\"frm_primary_label\">\r\n\t\t<span class=\"frm_required\" aria-hidden=\"true\">*<\/span>\r\n\t<\/label>\r\n\t<input type=\"email\" id=\"field_29yf4d\" name=\"item_meta[3]\" value=\"\"  placeholder=\"Email\" data-reqmsg=\"Ce champ cannot be blank.\" aria-required=\"true\" data-invmsg=\"Please enter a valid email address\" aria-invalid=\"false\"  \/>\r\n\t\r\n\t\r\n<\/div>\n<div id=\"frm_field_9_container\" class=\"frm_form_field form-field  frm_required_field frm_top_container frm6\">\r\n\t<label for=\"field_5vuh0\" id=\"field_5vuh0_label\" class=\"frm_primary_label\">\r\n\t\t<span class=\"frm_required\" aria-hidden=\"true\">*<\/span>\r\n\t<\/label>\r\n\t<input type=\"tel\" id=\"field_5vuh0\" name=\"item_meta[9]\" value=\"\"  placeholder=\"T\u00e9l\u00e9phone\" data-reqmsg=\"Ce champ ne peut pas \u00eatre vide.\" aria-required=\"true\" data-invmsg=\"Ce champ est non valide\" aria-invalid=\"false\" pattern=\"((\\+\\d{1,3}(-|.| )?\\(?\\d\\)?(-| |.)?\\d{1,5})|(\\(?\\d{2,6}\\)?))(-|.| )?(\\d{3,4})(-|.| )?(\\d{4})(( x| ext)\\d{1,5}){0,1}$\"  \/>\r\n\t\r\n\t\r\n<\/div>\n<div id=\"frm_field_4_container\" class=\"frm_form_field form-field  frm_required_field frm_top_container frm_full\">\r\n\t<label for=\"field_e6lis6\" id=\"field_e6lis6_label\" class=\"frm_primary_label\">\r\n\t\t<span class=\"frm_required\" aria-hidden=\"true\">*<\/span>\r\n\t<\/label>\r\n\t<input  type=\"text\" id=\"field_e6lis6\" name=\"item_meta[4]\" value=\"\"  placeholder=\"Objet\" data-reqmsg=\"Ce champ cannot be blank.\" aria-required=\"true\" data-invmsg=\"Ce champ est non valide\" aria-invalid=\"false\"   \/>\r\n\t\r\n\t\r\n<\/div>\n<div id=\"frm_field_5_container\" class=\"frm_form_field form-field  frm_required_field frm_top_container frm_full\">\r\n\t<label for=\"field_9jv0r1\" id=\"field_9jv0r1_label\" class=\"frm_primary_label\">\r\n\t\t<span class=\"frm_required\" aria-hidden=\"true\">*<\/span>\r\n\t<\/label>\r\n\t<textarea name=\"item_meta[5]\" id=\"field_9jv0r1\" rows=\"5\"  placeholder=\"Votre message\" data-reqmsg=\"Ce champ cannot be blank.\" aria-required=\"true\" data-invmsg=\"Ce champ est non valide\" aria-invalid=\"false\"  ><\/textarea>\r\n\t\r\n\t\r\n<\/div>\n<div id=\"frm_field_6_container\" class=\"frm_form_field form-field \">\r\n\t<div class=\"frm_submit frm_flex\">\r\n<button class=\"frm_button_submit frm_final_submit\" type=\"submit\"   formnovalidate=\"formnovalidate\">Envoyer<\/button>\r\n\r\n\r\n\r\n<\/div>\r\n<\/div>\n\t<input type=\"hidden\" name=\"item_key\" value=\"\" \/>\n\t\t\t<div id=\"frm_field_10_container\">\n\t\t\t<label for=\"field_lqj06\" >\n\t\t\t\tSi vous \u00eates un humain, ne remplissez pas ce champ.\t\t\t<\/label>\n\t\t\t<input  id=\"field_lqj06\" type=\"text\" class=\"frm_form_field form-field frm_verify\" name=\"item_meta[10]\" value=\"\"  \/>\n\t\t<\/div>\n\t\t<input name=\"frm_state\" type=\"hidden\" value=\"uMAzxc\/qK7w\/5U+tKvR7u38vR38xjXOydQy\/oYfZwf\/9rYAS3dVomHGjmLUGeIaW\" \/><\/div>\n<\/fieldset>\n<\/div>\n\n<\/form>\n<\/div>\n<\/div>\n\t\t\t\t\t\t<\/div>\n\t\t\t\t<\/div>\n\t\t\t\t<\/div>\n\t\t\t\t<\/div>\n\t\t\t\t<\/div>\n\t\t\t\t<\/div>\n\t\t","protected":false},"excerpt":{"rendered":"<p>Accueil Contactez Isowatt, votre entreprise de pose de panneaux solaires Vous avez un projet de toiture : la r\u00e9nover, la mettre aux normes, l\u2019isoler, la d\u00e9samianter \u2026 nous avons une solution. \u00a0 Contact Isowatt\u202f: par t\u00e9l\u00e9phone Isowatt est pr\u00e9sent dans l\u2019Est de la France, en Auvergne-Rh\u00f4ne-Alpes et en r\u00e9gion Occitanie. Vous pouvez joindre l\u2019\u00e9quipe Isowatt [&hellip;]<\/p>\n","protected":false},"author":3,"featured_media":0,"parent":0,"menu_order":0,"comment_status":"closed","ping_status":"closed","template":"","meta":{"footnotes":""},"class_list":["post-807","page","type-page","status-publish","hentry"],"_links":{"self":[{"href":"https:\/\/isowatt.fr\/pro\/wp-json\/wp\/v2\/pages\/807","targetHints":{"allow":["GET"]}}],"collection":[{"href":"https:\/\/isowatt.fr\/pro\/wp-json\/wp\/v2\/pages"}],"about":[{"href":"https:\/\/isowatt.fr\/pro\/wp-json\/wp\/v2\/types\/page"}],"author":[{"embeddable":true,"href":"https:\/\/isowatt.fr\/pro\/wp-json\/wp\/v2\/users\/3"}],"replies":[{"embeddable":true,"href":"https:\/\/isowatt.fr\/pro\/wp-json\/wp\/v2\/comments?post=807"}],"version-history":[{"count":16,"href":"https:\/\/isowatt.fr\/pro\/wp-json\/wp\/v2\/pages\/807\/revisions"}],"predecessor-version":[{"id":1648,"href":"https:\/\/isowatt.fr\/pro\/wp-json\/wp\/v2\/pages\/807\/revisions\/1648"}],"wp:attachment":[{"href":"https:\/\/isowatt.fr\/pro\/wp-json\/wp\/v2\/media?parent=807"}],"curies":[{"name":"wp","href":"https:\/\/api.w.org\/{rel}","templated":true}]}}