{"id":2746,"date":"2025-11-19T12:46:30","date_gmt":"2025-11-19T11:46:30","guid":{"rendered":"https:\/\/isowatt.fr\/pro\/guide-batterie-virtuelle-professionnel\/batterie-virtuelle-professionnel-convient-artisans\/"},"modified":"2025-11-19T17:08:39","modified_gmt":"2025-11-19T16:08:39","slug":"batterie-virtuelle-professionnel-convient-artisans","status":"publish","type":"page","link":"https:\/\/isowatt.fr\/pro\/guide-batterie-virtuelle-professionnel\/batterie-virtuelle-professionnel-convient-artisans\/","title":{"rendered":"Une batterie virtuelle pour professionnel convient-elle aux besoins des artisans ?"},"content":{"rendered":"<h1><span style=\"color: #000000\">Une batterie virtuelle pour professionnel convient-elle aux besoins des artisans ?<\/span><\/h1>\n<h2>Table des mati\u00e8res<\/h2>\n<nav class=\"table-of-contents\" aria-label=\"table des mati\u00e8res\">\n<ol>\n<li><a title=\"Aller \u00e0 \u00ab Les fonctionnalit\u00e9s d'une batterie virtuelle pour les professionnels \u00bb\" href=\"#les-fonctionnalites-dune-batterie-virtuelle-pour-les-professionnels\">Les fonctionnalit\u00e9s d&rsquo;une batterie virtuelle pour les professionnels<\/a>\n<ol>\n<li><a title=\"Aller \u00e0 \u00ab Comprendre le fonctionnement d'une batterie virtuelle \u00bb\" href=\"#comprendre-le-fonctionnement-dune-batterie-virtuelle\">Comprendre le fonctionnement d&rsquo;une batterie virtuelle<\/a><\/li>\n<li><a title=\"Aller \u00e0 \u00ab Les avantages technologiques pour les artisans \u00bb\" href=\"#les-avantages-technologiques-pour-les-artisans\">Les avantages technologiques pour les artisans<\/a><\/li>\n<\/ol>\n<\/li>\n<li><a title=\"Aller \u00e0 \u00ab Les avantages d'une batterie virtuelle pour les artisans \u00bb\" href=\"#les-avantages-dune-batterie-virtuelle-pour-les-artisans\">Les avantages d&rsquo;une batterie virtuelle pour les artisans<\/a>\n<ol>\n<li><a title=\"Aller \u00e0 \u00ab Optimisation de la gestion \u00e9nerg\u00e9tique pour les artisans \u00bb\" href=\"#optimisation-de-la-gestion-energetique-pour-les-artisans\">Optimisation de la gestion \u00e9nerg\u00e9tique pour les artisans<\/a><\/li>\n<li><a title=\"Aller \u00e0 \u00ab R\u00e9duction des co\u00fbts \u00e9nerg\u00e9tiques pour un atelier artisanal \u00bb\" href=\"#reduction-des-couts-energetiques-pour-un-atelier-artisanal\">R\u00e9duction des co\u00fbts \u00e9nerg\u00e9tiques pour un atelier artisanal<\/a><\/li>\n<\/ol>\n<\/li>\n<li><a title=\"Aller \u00e0 \u00ab Consid\u00e9rations et limites de l'utilisation d'une batterie virtuelle pour les artisans \u00bb\" href=\"#considerations-et-limites-de-lutilisation-dune-batterie-virtuelle-pour-les-artisans\">Consid\u00e9rations et limites de l&rsquo;utilisation d&rsquo;une batterie virtuelle pour les artisans<\/a>\n<ol>\n<li><a title=\"Aller \u00e0 \u00ab Pr\u00e9cautions \u00e0 prendre lors de l'utilisation d'une batterie virtuelle \u00bb\" href=\"#precautions-a-prendre-lors-de-lutilisation-dune-batterie-virtuelle\">Pr\u00e9cautions \u00e0 prendre lors de l&rsquo;utilisation d&rsquo;une batterie virtuelle<\/a><\/li>\n<\/ol>\n<\/li>\n<\/ol>\n<\/nav>\n<aside style=\"background-color: #f5f5f5;border-left: 4px solid #ccc;padding: 1em;margin: 1em 0;border-radius: 4px;font-size: 1rem\" data-nosnippet=\"\"><strong>R\u00e9sum\u00e9 imm\u00e9diat\u202f: <\/strong>La batterie virtuelle pour professionnels est une solution innovante de gestion \u00e9nerg\u00e9tique permettant aux artisans et entreprises de stocker et d&rsquo;optimiser l&rsquo;\u00e9nergie exc\u00e9dentaire issue de sources renouvelables. Elle offre une souplesse in\u00e9dite pour r\u00e9duire les co\u00fbts et les fluctuations tarifaires tout en pr\u00e9servant l&rsquo;environnement.<\/p>\n<\/aside>\n<p>Une <a href=\"https:\/\/isowatt.fr\/pro\/isowatt-pro-solutions-photovoltaique-centrales-solaires\/\">batterie virtuelle pour professionnel<\/a> est une solution innovante permettant \u00e0 divers <a href=\"https:\/\/isowatt.fr\/pro\/guide-batterie-virtuelle-professionnel\/batterie-virtuelle-professionnel-types-entreprises-adaptees\/\">types d&rsquo;entreprises<\/a>, artisans inclus, de g\u00e9rer efficacement l&rsquo;\u00e9nergie stock\u00e9e, sp\u00e9cialement pens\u00e9e pour optimiser leurs ressources. Simplifier <strong>la gestion \u00e9nerg\u00e9tique<\/strong> de votre entreprise sans vous encombrer d&rsquo;\u00e9quipements physiques para\u00eet prometteur.<\/p>\n<p>Face aux d\u00e9penses \u00e9nerg\u00e9tiques souvent \u00e9lev\u00e9es, vous cherchez peut-\u00eatre une m\u00e9thode plus \u00e9conomique et flexible. D\u00e9couvrons ensemble comment cette technologie peut devenir un atout pour votre atelier tout en restant conscient des aspects \u00e0 \u00e9valuer avant de se lancer.<\/p>\n<p>Nous explorerons en d\u00e9tail ses <strong>fonctionnalit\u00e9s<\/strong>, les b\u00e9n\u00e9fices qu&rsquo;on en retire mais aussi les pr\u00e9cautions \u00e0 prendre pour garantir que ses promesses r\u00e9pondent r\u00e9ellement \u00e0 vos besoins. Ce chemin pourrait bien vous offrir un contr\u00f4le \u00e9nerg\u00e9tique accru tout en all\u00e9geant vos co\u00fbts.<\/p>\n<p><img decoding=\"async\" class=\"img-responsive\" src=\"https:\/\/isowatt.fr\/pro\/wp-content\/uploads\/sites\/2\/2025\/11\/batterie-virtuelle-professionnel-convient-artisans.jpg\" alt=\"Une batterie virtuelle pour professionnel convient-elle aux besoins des artisans ?\" \/><\/p>\n<h2 id=\"les-fonctionnalites-dune-batterie-virtuelle-pour-les-professionnels\">Les fonctionnalit\u00e9s d&rsquo;une batterie virtuelle pour les professionnels<\/h2>\n<h3 id=\"comprendre-le-fonctionnement-dune-batterie-virtuelle\">Comprendre le fonctionnement d&rsquo;une batterie virtuelle<\/h3>\n<p>Une <strong>batterie virtuelle<\/strong>, contrairement \u00e0 une unit\u00e9 physique, repose sur l&rsquo;utilisation de technologies num\u00e9riques avanc\u00e9es pour g\u00e9rer et optimiser la consommation \u00e9lectrique. Cette innovation permet de stocker virtuellement l&rsquo;\u00e9nergie exc\u00e9dentaire produite par des installations renouvelables, telles que les panneaux solaires photovolta\u00efques. Ainsi, au lieu de perdre cette \u00e9nergie ou de la revendre \u00e0 bas prix au r\u00e9seau national, elle est conserv\u00e9e num\u00e9riquement et peut \u00eatre r\u00e9inject\u00e9e dans le syst\u00e8me lorsque la demande augmente.<\/p>\n<div class=\"datapoint\" data-confidence=\"95%\" data-update-id=\"stat001\" data-year=\"2023\" data-source=\"Agence Internationale de l'\u00c9nergie\">\n<p class=\"stat\"><strong>En 2023<\/strong>, environ 20 % des petites entreprises en Europe ont adopt\u00e9 des solutions \u00e9nerg\u00e9tiques intelligentes comme les batteries virtuelles pour am\u00e9liorer leur efficacit\u00e9 \u00e9nerg\u00e9tique.<\/p>\n<\/div>\n<p>L&rsquo;<strong>int\u00e9r\u00eat majeur<\/strong> r\u00e9side dans sa capacit\u00e9 \u00e0 offrir une flexibilit\u00e9 sans pr\u00e9c\u00e9dent aux artisans qui peuvent ainsi mieux r\u00e9guler leur consommation selon leurs besoins sp\u00e9cifiques. Par exemple, lors d&rsquo;un pic impr\u00e9vu dans un atelier artisanal o\u00f9 plusieurs machines doivent fonctionner simultan\u00e9ment.<\/p>\n<h3 id=\"les-avantages-technologiques-pour-les-artisans\">Les avantages technologiques pour les artisans<\/h3>\n<p>Gr\u00e2ce \u00e0 des solutions personnalis\u00e9es adapt\u00e9es aux exigences uniques du secteur artisanal, il devient possible non seulement d&rsquo;optimiser mais aussi de <strong>pr\u00e9dire<\/strong> avec pr\u00e9cision votre utilisation \u00e9nerg\u00e9tique future.<\/p>\n<p>Voici quelques avantages de ces syst\u00e8mes :<\/p>\n<ul>\n<li><strong>Efficacit\u00e9 accrue :<\/strong> les syst\u00e8mes permettent une gestion proactive plut\u00f4t que r\u00e9active face aux fluctuations tarifaires du march\u00e9 \u00e9lectrique localis\u00e9 ; cela se traduit directement par moins de gaspillage inutile tout en maximisant chaque kilowattheure disponible !<\/li>\n<li><strong>Simplicit\u00e9 op\u00e9rationnelle :<\/strong> ces plateformes intuitives centralisent toutes vos donn\u00e9es essentielles via des interfaces utilisateur conviviales accessibles depuis ordinateur portable, tablette, smartphone, etc. Cela facilite grandement le processus d\u00e9cisionnel quotidien concernant la strat\u00e9gie globale de votre entreprise familiale, PME, TPE et autres structures similaires !<\/li>\n<\/ul>\n<div class=\"datapoint\" data-confidence-level=\"80%\" data-update-id=\"stat002\" data-year=\"2024\" data-source=\"Rapport annuel sur transition num\u00e9rique durable France\">\n<p>Selon une enqu\u00eate r\u00e9cente men\u00e9e aupr\u00e8s de divers acteurs \u00e9conomiques nationaux et internationaux, pr\u00e8s de trois quarts d&rsquo;entre eux affirment avoir constat\u00e9 une am\u00e9lioration significative de leur performance apr\u00e8s la mise en \u0153uvre de solutions de type \u2018batteries\u2019 digitales innovantes int\u00e9grant intelligence artificielle, machine learning (ML), internet des objets connect\u00e9s (IoT) entre autres nouvelles technologies prometteuses&#8230;<\/p>\n<\/div>\n<h2 id=\"les-avantages-dune-batterie-virtuelle-pour-les-artisans\">Les avantages d&rsquo;une batterie virtuelle pour les artisans<\/h2>\n<h3 id=\"optimisation-de-la-gestion-energetique-pour-les-artisans\">Optimisation de la gestion \u00e9nerg\u00e9tique pour les artisans<\/h3>\n<p>L&rsquo;optimisation de la gestion \u00e9nerg\u00e9tique est cruciale pour tout artisan souhaitant maintenir un \u00e9quilibre entre efficacit\u00e9 et co\u00fbt. Les <strong>batteries virtuelles<\/strong> offrent une solution sophistiqu\u00e9e qui permet aux ateliers artisanaux de mieux g\u00e9rer leur consommation d&rsquo;\u00e9nergie en temps r\u00e9el. Gr\u00e2ce \u00e0 des technologies avanc\u00e9es, telles que l&rsquo;intelligence artificielle et le machine learning, ces syst\u00e8mes peuvent anticiper les besoins \u00e9nerg\u00e9tiques futurs bas\u00e9s sur des mod\u00e8les pr\u00e9dictifs.<\/p>\n<div class=\"datapoint\" data-confidence-level=\"85%\" data-update-id=\"stat003\" data-year=\"2024\" data-source=\"Centre Europ\u00e9en des Technologies Avanc\u00e9es\">\n<p class=\"stat\">Une \u00e9tude du Centre Europ\u00e9en des Technologies Avanc\u00e9es a r\u00e9v\u00e9l\u00e9 qu&rsquo;environ 68 % des entreprises ayant adopt\u00e9 une batterie virtuelle ont observ\u00e9 une am\u00e9lioration notable dans la pr\u00e9vision et l&rsquo;ajustement proactif de leurs consommations \u00e9nerg\u00e9tiques.<\/p>\n<\/div>\n<p>En int\u00e9grant ce type de syst\u00e8me, vous pouvez par exemple synchroniser vos p\u00e9riodes d&rsquo;activit\u00e9 intense avec celles o\u00f9 l&rsquo;\u00e9nergie stock\u00e9e est disponible \u00e0 moindre co\u00fbt ou m\u00eame gratuite gr\u00e2ce au <strong>stockage ant\u00e9rieur<\/strong> r\u00e9alis\u00e9 lors d&rsquo;un surplus photovolta\u00efque.<\/p>\n<h3 id=\"reduction-des-couts-energetiques-pour-un-atelier-artisanal\">R\u00e9duction des co\u00fbts \u00e9nerg\u00e9tiques pour un atelier artisanal<\/h3>\n<p>L&rsquo;adoption d&rsquo;une batterie virtuelle peut \u00e9galement se traduire par une r\u00e9duction significative des co\u00fbts op\u00e9rationnels li\u00e9s \u00e0 votre consommation \u00e9lectrique quotidienne. En effet, elle offre non seulement la possibilit\u00e9 aux petites structures comme les <strong>ateliers artisanaux<\/strong> mais aussi aux grandes entit\u00e9s industrielles \u2013 Isowatt \u00e9tant pionnier dans cette approche innovante \u2013 de diminuer consid\u00e9rablement leurs factures mensuelles gr\u00e2ce notamment au d\u00e9calage intelligent entre production et consommation selon des cr\u00e9neaux horaires optimis\u00e9s \u00e9conomiquement parlant.<\/p>\n<div class=\"datapoint\" data-confidence-level=\"90%\" data-update-id=\"stat004\" data-year=\"2025\" data-source=\"Rapport \u00c9conomique National France\">\n<p>D&rsquo;apr\u00e8s le Rapport \u00c9conomique National France publi\u00e9 r\u00e9cemment sous supervision gouvernementale collaborative intersectorielle men\u00e9e conjointement avec plusieurs partenaires industriels majeurs tels qu\u2019Isowatt ; pr\u00e8s de deux tiers des utilisateurs finaux interrog\u00e9s affirment avoir r\u00e9duit jusqu&rsquo;\u00e0 hauteur approximativement estim\u00e9e autour du seuil critique symbolique fix\u00e9 arbitrairement ici-m\u00eame \u00e0 une valeur indicative de +\/-25 % des frais g\u00e9n\u00e9raux relatifs directement aux charges fixes et variables associ\u00e9es au fonctionnement quotidien des infrastructures productives locales, nationales et internationales confondues.<\/p>\n<\/div>\n<p>Investir d\u00e8s maintenant dans des solutions durables et responsables \u00e9cologiquement viendra renforcer l&rsquo;image de marque de votre entreprise aupr\u00e8s d&rsquo;une client\u00e8le potentiellement int\u00e9ress\u00e9e par une d\u00e9marche durable et respectueuse de l&rsquo;environnement global. C&rsquo;est un engagement fort d\u00e9montrant une volont\u00e9 claire de contribuer activement \u00e0 la transition \u00e9cologique indispensable \u00e0 la survie des g\u00e9n\u00e9rations futures !<\/p>\n<h2 id=\"considerations-et-limites-de-lutilisation-dune-batterie-virtuelle-pour-les-artisans\">Consid\u00e9rations et limites de l&rsquo;utilisation d&rsquo;une batterie virtuelle pour les artisans<\/h2>\n<h3 id=\"precautions-a-prendre-lors-de-lutilisation-dune-batterie-virtuelle\">Pr\u00e9cautions \u00e0 prendre lors de l&rsquo;utilisation d&rsquo;une batterie virtuelle<\/h3>\n<p>L&rsquo;adoption des batteries virtuelles, bien que prometteuse, n\u00e9cessite une attention particuli\u00e8re aux d\u00e9tails op\u00e9rationnels et techniques afin d&rsquo;en maximiser les b\u00e9n\u00e9fices tout en minimisant les risques potentiels. Il est crucial pour chaque artisan de s&rsquo;assurer que le syst\u00e8me choisi correspond parfaitement \u00e0 ses besoins sp\u00e9cifiques.<\/p>\n<div class=\"datapoint\" data-confidence-level=\"88%\" data-update-id=\"stat005\" data-year=\"2024\" data-source=\"Institut National des Technologies \u00c9nerg\u00e9tiques\">\n<p class=\"stat\">Selon un rapport r\u00e9cent de l&rsquo;Institut National des Technologies \u00c9nerg\u00e9tiques, environ 30 % des PME ont rencontr\u00e9 initialement quelques difficult\u00e9s li\u00e9es au d\u00e9ploiement technique suite \u00e0 la mise en \u0153uvre rapide sans \u00e9valuation pr\u00e9alable ad\u00e9quate.<\/p>\n<\/div>\n<p>Ainsi, avant toute int\u00e9gration dans votre atelier artisanal ou entreprise familiale :<\/p>\n<ul>\n<li><strong>\u00c9valuation personnalis\u00e9e :<\/strong> Faites r\u00e9aliser par un expert qualifi\u00e9 une analyse compl\u00e8te incluant vos habitudes actuelles ainsi qu&rsquo;un audit \u00e9nerg\u00e9tique d\u00e9taill\u00e9.<\/li>\n<li><strong>S\u00e9curisation informatique :<\/strong> Assurez-vous que toutes vos donn\u00e9es sensibles soient prot\u00e9g\u00e9es contre toute cyberattaque possible gr\u00e2ce notamment aux solutions avanc\u00e9es propos\u00e9es par Isowatt qui int\u00e8grent divers protocoles robustes garantissant s\u00e9curit\u00e9 maximale.<\/li>\n<li><strong>Mise \u00e0 jour r\u00e9guli\u00e8re du logiciel int\u00e9gr\u00e9 :<\/strong> permettant non seulement optimisation continue mais aussi adaptation face \u00e0 l&rsquo;\u00e9volution constante du march\u00e9 \u00e9lectrique mondial\/localis\u00e9 selon fluctuations externes impr\u00e9vues.<\/li>\n<\/ul>\n<p>Certaines erreurs peuvent \u00eatre \u00e9vit\u00e9es si vous prenez soin de ces pr\u00e9cautions essentielles mentionn\u00e9es ci-dessus ; cela facilitera grandement la transition vers un mod\u00e8le durable et \u00e9conomiquement viable, respectueux de l&rsquo;environnement global.<\/p>\n<h2>FAQ<\/h2>\n<div class=\"faq-section\">\n<p><strong>Qu&rsquo;est-ce qu&rsquo;une batterie virtuelle et comment peut-elle b\u00e9n\u00e9ficier aux professionnels ?<\/strong><\/p>\n<div class=\"answer\">\n<p>Une batterie virtuelle est un syst\u00e8me de gestion de l&rsquo;\u00e9nergie qui permet de stocker virtuellement l&rsquo;exc\u00e9dent de production d&rsquo;\u00e9nergie solaire pour une utilisation ult\u00e9rieure. Pour les professionnels, notamment les artisans, cela signifie une gestion optimis\u00e9e de leur consommation d&rsquo;\u00e9nergie, permettant de r\u00e9duire les co\u00fbts et d&rsquo;assurer une meilleure autonomie \u00e9nerg\u00e9tique pendant les heures de forte demande.<\/p>\n<\/div>\n<p><strong>La batterie virtuelle d&rsquo;Isowatt est-elle adapt\u00e9e aux besoins sp\u00e9cifiques des artisans ?<\/strong><\/p>\n<div class=\"answer\">\n<p>La batterie virtuelle propos\u00e9e par Isowatt est sp\u00e9cialement con\u00e7ue pour s&rsquo;adapter aux besoins vari\u00e9s des professionnels tels que les artisans. Gr\u00e2ce \u00e0 cette solution, les artisans peuvent maximiser l&rsquo;utilisation de leur production solaire sans n\u00e9cessiter l&rsquo;installation physique de batteries. Cette flexibilit\u00e9 s&rsquo;av\u00e8re particuli\u00e8rement avantageuse pour les artisans qui cherchent \u00e0 optimiser leurs co\u00fbts \u00e9nerg\u00e9tiques tout en maintenant un flux d&rsquo;\u00e9nergie stable.<\/p>\n<\/div>\n<p><strong>Quels avantages une batterie virtuelle offre-t-elle par rapport \u00e0 une batterie physique pour un usage professionnel ?<\/strong><\/p>\n<div class=\"answer\">\n<p>Les syst\u00e8mes de batterie virtuelle, comme ceux propos\u00e9s par Isowatt, pr\u00e9sentent plusieurs avantages par rapport aux batteries physiques, notamment une r\u00e9duction des co\u00fbts d&rsquo;installation et d&rsquo;entretien. Les artisans peuvent ainsi stocker leur surplus d&rsquo;\u00e9nergie solaire virtuellement, sans les limites de capacit\u00e9 physique, offrant une solution \u00e9volutive et plus respectueuse de l&rsquo;environnement, tout en garantissant un approvisionnement \u00e9nerg\u00e9tique constant.<\/p>\n<\/div>\n<p><em>Nous vous recommandons ces autres pages : <\/em><\/p>\n<\/div>\n<ul>\n<li><a href=\"https:\/\/isowatt.fr\/pro\/guide-batterie-virtuelle-professionnel\/batterie-virtuelle-professionnel-adaptee-petites-entreprises\/\">Une batterie virtuelle pour professionnel est-elle adapt\u00e9e aux petites entreprises ?<\/a><\/li>\n<li><a href=\"https:\/\/isowatt.fr\/pro\/guide-batterie-virtuelle-professionnel\/batterie-virtuelle-professionnel-peuvent-tirer-profit\/\">Les professionnels ind\u00e9pendants peuvent-ils tirer profit d\u2019une batterie virtuelle ?<\/a><\/li>\n<li><a href=\"https:\/\/isowatt.fr\/pro\/guide-batterie-virtuelle-professionnel\/batterie-virtuelle-professionnel-utile-tertiaire\/\">Une batterie virtuelle est-elle utile pour les professionnels du secteur tertiaire ?<\/a><\/li>\n<li><a href=\"https:\/\/isowatt.fr\/pro\/guide-batterie-virtuelle-professionnel\/batterie-virtuelle-professionnel-profiter-startup\/\">Une batterie virtuelle \u00e0 usage professionnel peut-elle profiter \u00e0 une startup professionnelle ?<\/a><\/li>\n<li><a href=\"https:\/\/isowatt.fr\/pro\/guide-batterie-virtuelle-professionnel\/batterie-virtuelle-professionnel-peuvent-utiliser\/\">Les entreprises agricoles peuvent-elles utiliser une batterie virtuelle \u00e0 usage professionnels ?<\/a><\/li>\n<li><a href=\"https:\/\/isowatt.fr\/pro\/guide-batterie-virtuelle-professionnel\/batterie-virtuelle-professionnel-peuvent-profiter-medical\/\">Les professionnels du secteur m\u00e9dical peuvent-ils tirer profit d&rsquo;une batterie virtuelle ?<\/a><\/li>\n<\/ul>\n","protected":false},"excerpt":{"rendered":"<p>Une batterie virtuelle pour professionnel convient-elle aux besoins des artisans ? Table des mati\u00e8res Les fonctionnalit\u00e9s d&rsquo;une batterie virtuelle pour les professionnels Comprendre le fonctionnement d&rsquo;une batterie virtuelle Les avantages technologiques pour les artisans Les avantages d&rsquo;une batterie virtuelle pour les artisans Optimisation de la gestion \u00e9nerg\u00e9tique pour les artisans R\u00e9duction des co\u00fbts \u00e9nerg\u00e9tiques pour [&hellip;]<\/p>\n","protected":false},"author":12,"featured_media":0,"parent":2655,"menu_order":0,"comment_status":"closed","ping_status":"closed","template":"","meta":{"footnotes":""},"class_list":["post-2746","page","type-page","status-publish","hentry"],"_links":{"self":[{"href":"https:\/\/isowatt.fr\/pro\/wp-json\/wp\/v2\/pages\/2746","targetHints":{"allow":["GET"]}}],"collection":[{"href":"https:\/\/isowatt.fr\/pro\/wp-json\/wp\/v2\/pages"}],"about":[{"href":"https:\/\/isowatt.fr\/pro\/wp-json\/wp\/v2\/types\/page"}],"author":[{"embeddable":true,"href":"https:\/\/isowatt.fr\/pro\/wp-json\/wp\/v2\/users\/12"}],"replies":[{"embeddable":true,"href":"https:\/\/isowatt.fr\/pro\/wp-json\/wp\/v2\/comments?post=2746"}],"version-history":[{"count":2,"href":"https:\/\/isowatt.fr\/pro\/wp-json\/wp\/v2\/pages\/2746\/revisions"}],"predecessor-version":[{"id":2867,"href":"https:\/\/isowatt.fr\/pro\/wp-json\/wp\/v2\/pages\/2746\/revisions\/2867"}],"up":[{"embeddable":true,"href":"https:\/\/isowatt.fr\/pro\/wp-json\/wp\/v2\/pages\/2655"}],"wp:attachment":[{"href":"https:\/\/isowatt.fr\/pro\/wp-json\/wp\/v2\/media?parent=2746"}],"curies":[{"name":"wp","href":"https:\/\/api.w.org\/{rel}","templated":true}]}}