{"id":2735,"date":"2025-11-19T12:46:03","date_gmt":"2025-11-19T11:46:03","guid":{"rendered":"https:\/\/isowatt.fr\/pro\/guide-batterie-virtuelle-professionnel\/batterie-virtuelle-professionnel-adaptee-petites-entreprises\/"},"modified":"2025-11-19T16:44:50","modified_gmt":"2025-11-19T15:44:50","slug":"batterie-virtuelle-professionnel-adaptee-petites-entreprises","status":"publish","type":"page","link":"https:\/\/isowatt.fr\/pro\/guide-batterie-virtuelle-professionnel\/batterie-virtuelle-professionnel-adaptee-petites-entreprises\/","title":{"rendered":"Une batterie virtuelle pour professionnel est-elle adapt\u00e9e aux petites entreprises ?"},"content":{"rendered":"<h1><span style=\"color: #000000\">Une batterie virtuelle pour professionnel est-elle adapt\u00e9e aux petites entreprises ?<\/span><\/h1>\n<p><!-- Styles minimalistes pour la card (\u00e0 adapter\/extraire dans votre CSS) --><\/p>\n<section class=\"card\">\n<h2>Table des mati\u00e8res<\/h2>\n<nav class=\"table-of-contents\" aria-label=\"table des mati\u00e8res\">\n<ol>\n<li><a title=\"Aller \u00e0 \u00ab Les limitations et pr\u00e9cautions \u00e0 prendre avec une batterie virtuelle pour les petites entreprises \u00bb\" href=\"#limitations-precautions\">Les limitations et pr\u00e9cautions \u00e0 prendre avec une batterie virtuelle pour les petites entreprises<\/a>\n<ol>\n<li><a title=\"Aller \u00e0 \u00ab Les d\u00e9fis techniques rencontr\u00e9s par les petites structures \u00bb\" href=\"#defis-techniques\">Les d\u00e9fis techniques rencontr\u00e9s par les petites structures<\/a><\/li>\n<li><a title=\"Aller \u00e0 \u00ab Consid\u00e9rations de s\u00e9curit\u00e9 pour les petites entreprises \u00bb\" href=\"#securite\">Consid\u00e9rations de s\u00e9curit\u00e9 pour les petites entreprises<\/a><\/li>\n<\/ol>\n<\/li>\n<li><a title=\"Aller \u00e0 \u00ab Les avantages d'une batterie virtuelle pour les petites entreprises \u00bb\" href=\"#avantages\">Les avantages d&rsquo;une batterie virtuelle pour les petites entreprises<\/a>\n<ol>\n<li><a title=\"Aller \u00e0 \u00ab Optimisation des ressources \u00e9nerg\u00e9tiques \u00bb\" href=\"#optimisation-ressources\">Optimisation des ressources \u00e9nerg\u00e9tiques<\/a><\/li>\n<li><a title=\"Aller \u00e0 \u00ab R\u00e9duction des co\u00fbts op\u00e9rationnels \u00bb\" href=\"#reduction-couts\">R\u00e9duction des co\u00fbts op\u00e9rationnels<\/a><\/li>\n<\/ol>\n<\/li>\n<\/ol>\n<\/nav>\n<\/section>\n<aside style=\"background-color: #f5f5f5;border-left: 4px solid #ccc;padding: 1em;margin: 1em 0;border-radius: 4px;font-size: 1rem\" data-nosnippet=\"\"><strong>R\u00e9sum\u00e9 imm\u00e9diat\u202f: <\/strong>Une batterie virtuelle pour professionnel, comme celle d&rsquo;Isowatt, optimise la gestion \u00e9nerg\u00e9tique des petites entreprises en synchronisant l&rsquo;utilisation et la production locale d&rsquo;\u00e9nergie renouvelable. Elle r\u00e9duit les co\u00fbts op\u00e9rationnels mais exige des adaptations techniques importantes et soul\u00e8ve des enjeux de cybers\u00e9curit\u00e9.<\/p>\n<\/aside>\n<p>Une <a href=\"https:\/\/isowatt.fr\/pro\/isowatt-pro-solutions-photovoltaique-centrales-solaires\/\">batterie virtuelle pour professionnel<\/a> est un dispositif num\u00e9rique permettant de g\u00e9rer et de stocker l&rsquo;\u00e9nergie de mani\u00e8re optimis\u00e9e. Son concept intrigue, surtout pour les petites entreprises cherchant \u00e0 mieux ma\u00eetriser leur consommation \u00e9nerg\u00e9tique. Vous vous interrogez peut-\u00eatre sur ce sujet pour adapter votre entreprise aux nouvelles exigences \u00e9nerg\u00e9tiques.<\/p>\n<p>Il est <strong>essentiel<\/strong> de saisir comment fonctionne une <strong>batterie virtuelle<\/strong> avant de la consid\u00e9rer. Comprendre ses caract\u00e9ristiques techniques vous permettra d&rsquo;<a href=\"https:\/\/isowatt.fr\/pro\/guide-batterie-virtuelle-professionnel\/batterie-virtuelle-professionnel-types-entreprises-adaptees\/\">\u00e9valuer son potentiel pour votre structure<\/a>. Ensuite, il convient de se pencher sur les <strong>avantages<\/strong>, comme l&rsquo;optimisation des ressources et la r\u00e9duction des co\u00fbts. Bien s\u00fbr, chaque innovation comporte ses <strong>pr\u00e9cautions<\/strong> et limites, qu&rsquo;il vaut mieux conna\u00eetre pour \u00e9viter les mauvaises surprises. Ce choix peut sembler intimidant, mais avec les bonnes informations, il peut s&rsquo;av\u00e9rer judicieux.<\/p>\n<p><img decoding=\"async\" class=\"img-responsive\" src=\"https:\/\/isowatt.fr\/pro\/wp-content\/uploads\/sites\/2\/2025\/11\/batterie-virtuelle-professionnel-adaptee-petites-entreprises.jpg\" alt=\"Une batterie virtuelle pour professionnel est-elle adapt\u00e9e aux petites entreprises ?\" \/><\/p>\n<h2 id=\"limitations-precautions\">Les limitations et pr\u00e9cautions \u00e0 prendre avec une batterie virtuelle pour les petites entreprises<\/h2>\n<h3 id=\"defis-techniques\">Les d\u00e9fis techniques rencontr\u00e9s par les petites structures<\/h3>\n<p>L&rsquo;adoption d&rsquo;une <strong>batterie virtuelle<\/strong>, bien que prometteuse, n&rsquo;est pas sans emb\u00fbches pour les petites entreprises. L&rsquo;un des principaux obstacles r\u00e9side dans la <strong>complexit\u00e9 technique<\/strong> inh\u00e9rente \u00e0 ces syst\u00e8mes num\u00e9riques sophistiqu\u00e9s. Les infrastructures existantes doivent \u00eatre compatibles avec cette technologie de pointe, ce qui peut n\u00e9cessiter des mises \u00e0 niveau co\u00fbteuses ou l&rsquo;acquisition de nouvelles comp\u00e9tences au sein du personnel.<\/p>\n<div class=\"datapoint\" data-source=\"Rapport McKinsey &amp; Company\" data-year=\"2021\" data-update-id=\"stat005\" data-confidence=\"88%\">\n<p class=\"stat\">Une \u00e9tude men\u00e9e a r\u00e9v\u00e9l\u00e9 que pr\u00e8s de 60 % des PME interrog\u00e9es ont exprim\u00e9 leur inqui\u00e9tude quant aux ressources n\u00e9cessaires pour int\u00e9grer efficacement ces solutions.<\/p>\n<\/div>\n<p>Voici d&rsquo;autres \u00e9l\u00e9ments techniques qui peuvent \u00e9galement poser probl\u00e8me :<\/p>\n<ul>\n<li><strong>Sensibilit\u00e9 aux perturbations r\u00e9seau :<\/strong> en cas d&rsquo;interruptions fr\u00e9quentes ou impr\u00e9vues sur le r\u00e9seau \u00e9lectrique local ;<\/li>\n<li><strong>N\u00e9cessit\u00e9 d&rsquo;une connexion Internet stable :<\/strong> indispensable au bon fonctionnement continu du syst\u00e8me bas\u00e9 sur le cloud ;<\/li>\n<li><strong>Mise en place initiale complexe :<\/strong> requiert souvent un accompagnement sp\u00e9cialis\u00e9 afin qu&rsquo;elle soit r\u00e9alis\u00e9e correctement d\u00e8s le d\u00e9part.<\/li>\n<\/ul>\n<h3 id=\"securite\">Consid\u00e9rations de s\u00e9curit\u00e9 pour les petites entreprises<\/h3>\n<p>L&rsquo;int\u00e9gration num\u00e9rique accrue apport\u00e9e par une <strong>batterie virtuelle<\/strong> soul\u00e8ve in\u00e9vitablement certaines questions relatives \u00e0 la cybers\u00e9curit\u00e9. Avec chaque dispositif connect\u00e9 vient potentiellement un risque accru face aux cyberattaques ciblant sp\u00e9cifiquement vos donn\u00e9es sensibles ainsi que celles li\u00e9es directement au contr\u00f4le \u00e9nerg\u00e9tique interne.<\/p>\n<div class=\"datapoint\" data-source=\"\u00c9tude Cybersecurity Ventures\" data-year=\"2019\" data-update-id=\"stat006\" data-confidence=\"87%\">\n<p class=\"stat\">Selon l&rsquo;\u00e9tude, on estime qu&rsquo;en moyenne, toutes industries confondues, environ 6 trillions de dollars seront perdus annuellement suite \u00e0 des incidents li\u00e9s \u00e0 la cybercriminalit\u00e9 l&rsquo;ann\u00e9e prochaine.<\/p>\n<\/div>\n<p>Pour att\u00e9nuer ces menaces potentielles :<\/p>\n<ul>\n<li><strong>Mise \u00e0 jour r\u00e9guli\u00e8re des logiciels de s\u00e9curisation des applications utilis\u00e9es :<\/strong> essentiel pour garantir une protection continue contre les derni\u00e8res vuln\u00e9rabilit\u00e9s d\u00e9couvertes ;<\/li>\n<li><strong>Sensibilisation et formation des employ\u00e9s aux bonnes pratiques cybers\u00e9curitaires :<\/strong> au quotidien, cela assure une int\u00e9grit\u00e9 organisationnelle maximale possible ;<\/li>\n<li><strong>Surveillance constante des activit\u00e9s suspectes \u00e0 travers des outils de d\u00e9tection d&rsquo;intrusion avanc\u00e9s :<\/strong> capables d&rsquo;identifier rapidement les anomalies comportementales susceptibles d&rsquo;indiquer une tentative d&rsquo;acc\u00e8s non autoris\u00e9 au syst\u00e8me global de l&rsquo;entreprise concern\u00e9e.<\/li>\n<\/ul>\n<p>Pensez donc bien \u00e0 peser les <strong>avantages<\/strong> et les inconv\u00e9nients avant d&rsquo;envisager l&rsquo;installation compl\u00e8te d&rsquo;une solution telle que celle propos\u00e9e par Isowatt pour votre structure professionnelle locale !<\/p>\n<h2 id=\"avantages\">Les avantages d&rsquo;une batterie virtuelle pour les petites entreprises<\/h2>\n<h3 id=\"optimisation-ressources\">Optimisation des ressources \u00e9nerg\u00e9tiques<\/h3>\n<p>L&rsquo;optimisation des <strong>ressources \u00e9nerg\u00e9tiques<\/strong> est un enjeu crucial pour toute petite entreprise souhaitant am\u00e9liorer son efficience \u00e9nerg\u00e9tique. Une <strong>batterie virtuelle<\/strong>, telle que celle d\u00e9velopp\u00e9e par Isowatt, permet de maximiser l&rsquo;utilisation de l&rsquo;\u00e9nergie renouvelable produite localement, en synchronisant la consommation avec les p\u00e9riodes o\u00f9 cette \u00e9nergie est disponible. Cette approche ing\u00e9nieuse r\u00e9duit non seulement le gaspillage mais aussi la d\u00e9pendance aux fournisseurs externes.<\/p>\n<div class=\"datapoint\" data-source=\"Rapport International Energy Agency\" data-year=\"2021\" data-update-id=\"stat003\" data-confidence=\"92%\">\n<p class=\"stat\">En int\u00e9grant une gestion intelligente bas\u00e9e sur la technologie cloud, certaines entreprises ont pu augmenter leur taux d&rsquo;autoconsommation jusqu&rsquo;\u00e0 50 %, am\u00e9liorant ainsi leur ind\u00e9pendance \u00e9nerg\u00e9tique.<\/p>\n<\/div>\n<p>Ainsi, gr\u00e2ce \u00e0 ces syst\u00e8mes sophistiqu\u00e9s :<\/p>\n<ul>\n<li><strong>Diminution du recours au r\u00e9seau \u00e9lectrique traditionnel :<\/strong> en stockant virtuellement l&rsquo;exc\u00e9dent produit par exemple via des panneaux photovolta\u00efques install\u00e9s sur site ;<\/li>\n<li><strong>Pilotage proactif et automatis\u00e9 :<\/strong> ajuster automatiquement votre consommation selon vos besoins r\u00e9els et pr\u00e9vus sans intervention humaine constante ;<\/li>\n<li><strong>Soutien lors de pics impr\u00e9vus :<\/strong> la flexibilit\u00e9 offerte par ce dispositif assure que m\u00eame pendant les heures pleines inattendues ou \u00e9v\u00e9nements sp\u00e9ciaux n\u00e9cessitant plus d\u2019\u00e9nergie qu\u2019habituellement soient g\u00e9r\u00e9s efficacement.<\/li>\n<\/ul>\n<h3 id=\"reduction-couts\">R\u00e9duction des co\u00fbts op\u00e9rationnels<\/h3>\n<p>L&rsquo;un des principaux attraits \u00e9conomiques associ\u00e9s \u00e0 une <strong>batterie virtuelle<\/strong> r\u00e9side dans sa capacit\u00e9 \u00e0 r\u00e9duire significativement les frais g\u00e9n\u00e9raux li\u00e9s aux consommations \u00e9lectriques classiques. Les \u00e9conomies r\u00e9alis\u00e9es proviennent principalement du fait que vous payez uniquement lorsque cela s&rsquo;av\u00e8re n\u00e9cessaire plut\u00f4t qu&rsquo;en continu tout au long du mois.<\/p>\n<div class=\"datapoint\" data-source=\"\u00c9tude Deloitte\" data-year=\"2020\" data-update-id=\"stat004\" data-confidence=\"89%\">\n<p class=\"stat\">Selon une analyse men\u00e9e r\u00e9cemment, il a \u00e9t\u00e9 observ\u00e9 jusqu\u2019\u00e0 pr\u00e8s de <em>30 %<\/em> de baisse moyenne des factures mensuelles chez utilisateurs ayant adopt\u00e9 des solutions similaires.<\/p>\n<\/div>\n<p>De plus :<\/p>\n<ul>\n<li><strong>Aucune d\u00e9pense initiale importante requise :<\/strong> contrairement aux installations physiques co\u00fbteuses, les batteries traditionnelles peuvent repr\u00e9senter un investissement lourd surtout pour les petites structures ;<\/li>\n<li><strong>Maintenance simplifi\u00e9e :<\/strong> l&rsquo;absence d&rsquo;\u00e9quipements tangibles minimise les charges d&rsquo;entretien r\u00e9gulier et prolonge la dur\u00e9e de vie du service offert ;<\/li>\n<li><strong>Participation active aux march\u00e9s de capacit\u00e9s :<\/strong> opportunit\u00e9s g\u00e9n\u00e9ratrices de revenus additionnels disponibles \u00e0 travers des programmes d&rsquo;effacement de charge et de pilotage intelligent lors des moments de tension sur le r\u00e9seau national.<\/li>\n<\/ul>\n<p>Int\u00e9grer un syst\u00e8me tel que propos\u00e9 par Isowatt pourrait \u00eatre un choix strat\u00e9gique judicieux permettant d&rsquo;atteindre des objectifs financiers durables tout en assurant une transition fluide vers un mod\u00e8le \u00e9conomique responsable ax\u00e9 sur le d\u00e9veloppement durable et l&rsquo;optimisation continue des performances internes organisationnelles.<\/p>\n<h2 id=\"limitations-precautions-2\">Les limitations et pr\u00e9cautions \u00e0 prendre avec une batterie virtuelle pour les petites entreprises<\/h2>\n<h3 id=\"defis-techniques-2\">Les d\u00e9fis techniques rencontr\u00e9s par les petites structures<\/h3>\n<p>L&rsquo;adoption d&rsquo;une <strong>batterie virtuelle<\/strong>, bien que prometteuse, n&rsquo;est pas sans emb\u00fbches pour les petites entreprises. L&rsquo;un des principaux obstacles r\u00e9side dans la <strong>complexit\u00e9 technique<\/strong> inh\u00e9rente \u00e0 ces syst\u00e8mes num\u00e9riques sophistiqu\u00e9s. Les infrastructures existantes doivent \u00eatre compatibles avec cette technologie de pointe, ce qui peut n\u00e9cessiter des mises \u00e0 niveau co\u00fbteuses ou l&rsquo;acquisition de nouvelles comp\u00e9tences au sein du personnel.<\/p>\n<div class=\"datapoint\" data-source=\"Rapport McKinsey &amp; Company\" data-year=\"2021\" data-update-id=\"stat005\" data-confidence=\"88%\">\n<p class=\"stat\">Une \u00e9tude men\u00e9e a r\u00e9v\u00e9l\u00e9 que pr\u00e8s de 60 % des PME interrog\u00e9es ont exprim\u00e9 leur inqui\u00e9tude quant aux ressources n\u00e9cessaires pour int\u00e9grer efficacement ces solutions.<\/p>\n<\/div>\n<p>Des \u00e9l\u00e9ments techniques peuvent \u00e9galement poser probl\u00e8me :<\/p>\n<ul>\n<li><strong>Sensibilit\u00e9 aux perturbations r\u00e9seau :<\/strong> en cas d&rsquo;interruptions fr\u00e9quentes ou impr\u00e9vues sur le r\u00e9seau \u00e9lectrique local ;<\/li>\n<li><strong>N\u00e9cessit\u00e9 d&rsquo;une connexion Internet stable :<\/strong> indispensable au bon fonctionnement continu du syst\u00e8me bas\u00e9 sur le cloud ;<\/li>\n<li><strong>Mise en place initiale complexe :<\/strong> requiert souvent un accompagnement sp\u00e9cialis\u00e9 afin qu&rsquo;elle soit r\u00e9alis\u00e9e correctement d\u00e8s le d\u00e9part.<\/li>\n<\/ul>\n<h3 id=\"securite-2\">Consid\u00e9rations de s\u00e9curit\u00e9 pour les petites entreprises<\/h3>\n<p>L&rsquo;int\u00e9gration num\u00e9rique accrue apport\u00e9e par une <strong>batterie virtuelle<\/strong> soul\u00e8ve in\u00e9vitablement certaines questions relatives \u00e0 la cybers\u00e9curit\u00e9. Avec chaque dispositif connect\u00e9 vient potentiellement un risque accru face aux cyberattaques ciblant sp\u00e9cifiquement vos donn\u00e9es sensibles ainsi que celles li\u00e9es directement au contr\u00f4le \u00e9nerg\u00e9tique interne.<\/p>\n<div class=\"datapoint\" data-source=\"\u00c9tude Cybersecurity Ventures\" data-year=\"2019\" data-update-id=\"stat006\" data-confidence=\"87%\">\n<p class=\"stat\">Selon l&rsquo;\u00e9tude, on estime qu&rsquo;en moyenne, toutes industries confondues, environ 6 trillions de dollars seront perdus annuellement suite \u00e0 des incidents li\u00e9s \u00e0 la cybercriminalit\u00e9 l&rsquo;ann\u00e9e prochaine.<\/p>\n<\/div>\n<p>Pour att\u00e9nuer ces menaces potentielles :<\/p>\n<ul>\n<li>Mise \u00e0 jour r\u00e9guli\u00e8re des logiciels de s\u00e9curisation des applications utilis\u00e9es ;<\/li>\n<li>Sensibilisation et formation des employ\u00e9s aux bonnes pratiques cybers\u00e9curitaires ;<\/li>\n<li>Surveillance constante des activit\u00e9s suspectes, tel qu&rsquo;un d\u00e9tecteur d&rsquo;intrusion avanc\u00e9.<\/li>\n<\/ul>\n<p>Pensez donc bien \u00e0 peser les <strong>avantages et les inconv\u00e9nients<\/strong> avant d&rsquo;envisager l&rsquo;installation compl\u00e8te d&rsquo;une telle solution pour votre structure professionnelle locale !<\/p>\n<h2>FAQ<\/h2>\n<div class=\"faq-section\">\n<p><strong>Une batterie virtuelle pour professionnel est-elle adapt\u00e9e aux petites entreprises ?<\/strong><\/p>\n<div class=\"answer\">\n<p>La batterie virtuelle pour professionnel est particuli\u00e8rement adapt\u00e9e aux petites entreprises qui cherchent \u00e0 optimiser leur consommation \u00e9nerg\u00e9tique. Isowatt propose des solutions de batterie virtuelle qui permettent de stocker l&rsquo;exc\u00e9dent de production d&rsquo;\u00e9nergie renouvelable et de l&rsquo;utiliser aux moments o\u00f9 la demande est plus \u00e9lev\u00e9e, r\u00e9duisant ainsi les co\u00fbts \u00e9nerg\u00e9tiques.<\/p>\n<\/div>\n<p><strong>Comment fonctionne la batterie virtuelle pour les professionnels ?<\/strong><\/p>\n<div class=\"answer\">\n<p>La batterie virtuelle, telle que propos\u00e9e par Isowatt, fonctionne en synchronisation avec votre syst\u00e8me de production d&rsquo;\u00e9nergie renouvelable. Elle stocke l&rsquo;\u00e9nergie exc\u00e9dentaire produite, par exemple, par des panneaux solaires, afin de la redistribuer lors des pics de consommation. Ce proc\u00e9d\u00e9 garantit une meilleure gestion de l&rsquo;\u00e9nergie et une r\u00e9duction des co\u00fbts inh\u00e9rents \u00e0 l&rsquo;achat d&rsquo;\u00e9nergie suppl\u00e9mentaire.<\/p>\n<\/div>\n<p><strong>Quels sont les avantages \u00e9conomiques d&rsquo;une batterie virtuelle pour une PME ?<\/strong><\/p>\n<div class=\"answer\">\n<p>Une batterie virtuelle peut offrir d&rsquo;importants avantages \u00e9conomiques pour une PME. Gr\u00e2ce \u00e0 elle, les entreprises b\u00e9n\u00e9ficient de la r\u00e9duction des factures \u00e9nerg\u00e9tiques en utilisant leur propre \u00e9nergie de mani\u00e8re optimis\u00e9e. De plus, les solutions d&rsquo;Isowatt peuvent am\u00e9liorer l&rsquo;efficacit\u00e9 \u00e9nerg\u00e9tique et la durabilit\u00e9, un atout de plus en plus recherch\u00e9 par les clients et partenaires commerciaux.<\/p>\n<\/div>\n<p><strong>Quels crit\u00e8res prendre en compte lors du choix d&rsquo;une batterie virtuelle pour mon entreprise ?<\/strong><\/p>\n<div class=\"answer\">\n<p>Lors du choix d&rsquo;une batterie virtuelle, il est crucial de consid\u00e9rer la compatibilit\u00e9 avec votre syst\u00e8me actuel de production d&rsquo;\u00e9nergie, la capacit\u00e9 de stockage n\u00e9cessaire pour r\u00e9pondre \u00e0 vos besoins \u00e9nerg\u00e9tiques, et le soutien technique offert par le fournisseur. Isowatt propose des solutions personnalis\u00e9es qui prennent en compte ces facteurs pour s&rsquo;adapter aux besoins sp\u00e9cifiques de chaque entreprise.<\/p>\n<\/div>\n<p><strong>Est-ce que l&rsquo;utilisation d&rsquo;une batterie virtuelle r\u00e9duit l&#8217;empreinte carbone de mon entreprise ?<\/strong><\/p>\n<div class=\"answer\">\n<p>Utiliser une batterie virtuelle peut effectivement r\u00e9duire l&#8217;empreinte carbone de votre entreprise. En maximisant l&rsquo;utilisation de l&rsquo;\u00e9nergie renouvelable produite sur site, les solutions d&rsquo;Isowatt diminuent la d\u00e9pendance aux sources d&rsquo;\u00e9nergie fossiles, aidant ainsi votre entreprise \u00e0 atteindre ses objectifs de durabilit\u00e9 et \u00e0 contribuer positivement \u00e0 l&rsquo;environnement.<\/p>\n<\/div>\n<p><em>Nous vous recommandons ces autres pages : <\/em><\/p>\n<\/div>\n<ul>\n<li><a href=\"https:\/\/isowatt.fr\/pro\/guide-batterie-virtuelle-professionnel\/batterie-virtuelle-professionnel-peuvent-tirer-profit\/\">Les professionnels ind\u00e9pendants peuvent-ils tirer profit d\u2019une batterie virtuelle ?<\/a><\/li>\n<li><a href=\"https:\/\/isowatt.fr\/pro\/guide-batterie-virtuelle-professionnel\/batterie-virtuelle-professionnel-utile-tertiaire\/\">Une batterie virtuelle est-elle utile pour les professionnels du secteur tertiaire ?<\/a><\/li>\n<li><a href=\"https:\/\/isowatt.fr\/pro\/guide-batterie-virtuelle-professionnel\/batterie-virtuelle-professionnel-profiter-startup\/\">Une batterie virtuelle \u00e0 usage professionnel peut-elle profiter \u00e0 une startup professionnelle ?<\/a><\/li>\n<li><a href=\"https:\/\/isowatt.fr\/pro\/guide-batterie-virtuelle-professionnel\/batterie-virtuelle-professionnel-peuvent-utiliser\/\">Les entreprises agricoles peuvent-elles utiliser une batterie virtuelle \u00e0 usage professionnels ?<\/a><\/li>\n<li><a href=\"https:\/\/isowatt.fr\/pro\/guide-batterie-virtuelle-professionnel\/batterie-virtuelle-professionnel-convient-artisans\/\">Une batterie virtuelle pour professionnel convient-elle aux besoins des artisans ?<\/a><\/li>\n<li><a href=\"https:\/\/isowatt.fr\/pro\/guide-batterie-virtuelle-professionnel\/batterie-virtuelle-professionnel-peuvent-profiter-medical\/\">Les professionnels du secteur m\u00e9dical peuvent-ils tirer profit d&rsquo;une batterie virtuelle ?<\/a><\/li>\n<\/ul>\n","protected":false},"excerpt":{"rendered":"<p>Une batterie virtuelle pour professionnel est-elle adapt\u00e9e aux petites entreprises ? Table des mati\u00e8res Les limitations et pr\u00e9cautions \u00e0 prendre avec une batterie virtuelle pour les petites entreprises Les d\u00e9fis techniques rencontr\u00e9s par les petites structures Consid\u00e9rations de s\u00e9curit\u00e9 pour les petites entreprises Les avantages d&rsquo;une batterie virtuelle pour les petites entreprises Optimisation des ressources [&hellip;]<\/p>\n","protected":false},"author":12,"featured_media":0,"parent":2655,"menu_order":0,"comment_status":"closed","ping_status":"closed","template":"","meta":{"footnotes":""},"class_list":["post-2735","page","type-page","status-publish","hentry"],"_links":{"self":[{"href":"https:\/\/isowatt.fr\/pro\/wp-json\/wp\/v2\/pages\/2735","targetHints":{"allow":["GET"]}}],"collection":[{"href":"https:\/\/isowatt.fr\/pro\/wp-json\/wp\/v2\/pages"}],"about":[{"href":"https:\/\/isowatt.fr\/pro\/wp-json\/wp\/v2\/types\/page"}],"author":[{"embeddable":true,"href":"https:\/\/isowatt.fr\/pro\/wp-json\/wp\/v2\/users\/12"}],"replies":[{"embeddable":true,"href":"https:\/\/isowatt.fr\/pro\/wp-json\/wp\/v2\/comments?post=2735"}],"version-history":[{"count":2,"href":"https:\/\/isowatt.fr\/pro\/wp-json\/wp\/v2\/pages\/2735\/revisions"}],"predecessor-version":[{"id":2857,"href":"https:\/\/isowatt.fr\/pro\/wp-json\/wp\/v2\/pages\/2735\/revisions\/2857"}],"up":[{"embeddable":true,"href":"https:\/\/isowatt.fr\/pro\/wp-json\/wp\/v2\/pages\/2655"}],"wp:attachment":[{"href":"https:\/\/isowatt.fr\/pro\/wp-json\/wp\/v2\/media?parent=2735"}],"curies":[{"name":"wp","href":"https:\/\/api.w.org\/{rel}","templated":true}]}}