{"id":2707,"date":"2025-11-19T12:44:40","date_gmt":"2025-11-19T11:44:40","guid":{"rendered":"https:\/\/isowatt.fr\/pro\/guide-batterie-virtuelle-professionnel\/batterie-virtuelle-professionnel-frequence-maintenance\/"},"modified":"2025-11-19T15:47:33","modified_gmt":"2025-11-19T14:47:33","slug":"batterie-virtuelle-professionnel-frequence-maintenance","status":"publish","type":"page","link":"https:\/\/isowatt.fr\/pro\/guide-batterie-virtuelle-professionnel\/batterie-virtuelle-professionnel-frequence-maintenance\/","title":{"rendered":"Quelle est la fr\u00e9quence de maintenance id\u00e9ale pour une batterie virtuelle \u00e0 usage professionnel ?"},"content":{"rendered":"<h1><span style=\"color: #000000\">Quelle est la fr\u00e9quence de maintenance id\u00e9ale pour une batterie virtuelle \u00e0 usage professionnel ?<\/span><\/h1>\n<p><!-- Styles minimalistes pour la card (\u00e0 adapter\/extraire dans votre CSS) --><\/p>\n<section class=\"card\">\n<h2>Table des mati\u00e8res<\/h2>\n<nav class=\"table-of-contents\" aria-label=\"table des mati\u00e8res\">\n<ol>\n<li><a title=\"Aller \u00e0 \u00ab La fr\u00e9quence de maintenance d\u2019une batterie virtuelle varie-t-elle selon l\u2019usage d\u2019un professionnel ? \u00bb\" href=\"#la-frequence-de-maintenance-dune-batterie-virtuelle-varie-t-elle-selon-lusage-dun-professionnel\">La fr\u00e9quence de maintenance d\u2019une batterie virtuelle varie-t-elle selon l\u2019usage d\u2019un professionnel ?<\/a>\n<ol>\n<li><a title=\"Aller \u00e0 \u00ab Facteurs influen\u00e7ant la fr\u00e9quence de maintenance \u00bb\" href=\"#facteurs-influencant-la-frequence-de-maintenance\">Facteurs influen\u00e7ant la fr\u00e9quence de maintenance<\/a><\/li>\n<li><a title=\"Aller \u00e0 \u00ab Comparaison des besoins de maintenance entre diff\u00e9rents usages professionnels \u00bb\" href=\"#comparaison-des-besoins-de-maintenance-entre-differents-usages-professionnels\">Comparaison des besoins de maintenance entre diff\u00e9rents usages professionnels<\/a><\/li>\n<\/ol>\n<\/li>\n<li><a title=\"Aller \u00e0 \u00ab Un professionnel doit-il adapter la maintenance de sa batterie virtuelle en fonction de son secteur d\u2019activit\u00e9 ? \u00bb\" href=\"#un-professionnel-doit-il-adapter-la-maintenance-de-sa-batterie-virtuelle-en-fonction-de-son-secteur-dactivite\">Un professionnel doit-il adapter la maintenance de sa batterie virtuelle en fonction de son secteur d\u2019activit\u00e9 ?<\/a>\n<ol>\n<li><a title=\"Aller \u00e0 \u00ab Exigences sp\u00e9cifiques par secteur d'activit\u00e9 \u00bb\" href=\"#exigences-specifiques-par-secteur-dactivite\">Exigences sp\u00e9cifiques par secteur d&rsquo;activit\u00e9s<\/a><\/li>\n<li><a title=\"Aller \u00e0 \u00ab Meilleures pratiques de maintenance pour diff\u00e9rents secteurs \u00bb\" href=\"#meilleures-pratiques-de-maintenance-pour-differents-secteurs\">Meilleures pratiques de maintenance pour diff\u00e9rents secteurs<\/a><\/li>\n<\/ol>\n<\/li>\n<li><a title=\"Aller \u00e0 \u00ab Les professionnels peuvent-ils espacer la maintenance de leur batterie virtuelle sans risque ? \u00bb\" href=\"#les-professionnels-peuvent-ils-espaCer-la-maintenance-de-leur-batterie-virtuelle-sans-risque\">Les professionnels peuvent-ils espacer la maintenance de leur batterie virtuelle sans risque ?<\/a>\n<ol>\n<li><a title=\"Aller \u00e0 \u00ab Risques associ\u00e9s \u00e0 l'espacement des maintenances \u00bb\" href=\"#risques-associes-a-lespacement-des-maintenances\">Risques associ\u00e9s \u00e0 l&rsquo;espacement des maintenances<\/a><\/li>\n<li><a title=\"Aller \u00e0 \u00ab Techniques pour minimiser les risques tout en espa\u00e7ant les maintenances \u00bb\" href=\"#techniques-pour-minimiser-les-risques-tout-en-espaCant-les-maintenances\">Techniques pour minimiser les risques tout en espa\u00e7ant les maintenances<\/a><\/li>\n<\/ol>\n<\/li>\n<li><a title=\"Aller \u00e0 \u00ab FAQ \u00bb\" href=\"#faq\">FAQ<\/a><\/li>\n<\/ol>\n<\/nav>\n<\/section>\n<aside style=\"background-color: #f5f5f5;border-left: 4px solid #ccc;padding: 1em;margin: 1em 0;border-radius: 4px;font-size: 1rem\" data-nosnippet=\"\"><strong>R\u00e9sum\u00e9 imm\u00e9diat : <\/strong>La maintenance d&rsquo;une batterie virtuelle professionnelle doit \u00eatre adapt\u00e9e au secteur d&rsquo;activit\u00e9 pour optimiser sa dur\u00e9e de vie. L&rsquo;usage et la capacit\u00e9 \u00e9nerg\u00e9tique influencent la fr\u00e9quence des entretiens, essentielle pour \u00e9viter les d\u00e9faillances et r\u00e9duire les co\u00fbts. Isowatt recommande une planification strat\u00e9gique appropri\u00e9e selon les besoins sp\u00e9cifiques.<\/p>\n<\/aside>\n<p>Une <a href=\"https:\/\/isowatt.fr\/pro\/isowatt-pro-solutions-photovoltaique-centrales-solaires\/\">batterie virtuelle \u00e0 usage professionnel<\/a> joue un r\u00f4le essentiel pour garantir la continuit\u00e9 des op\u00e9rations de votre entreprise. Mais quelle est la <strong>fr\u00e9quence<\/strong> id\u00e9ale pour sa maintenance ? C&rsquo;est une question \u00e0 laquelle de nombreux professionnels doivent faire face. Vous vous demandez peut-\u00eatre si votre secteur d&rsquo;activit\u00e9 influence la fr\u00e9quence de ces entretiens ou si vous pouvez espacer les <strong>maintenances<\/strong> sans compromettre votre \u00e9quipement.<\/p>\n<p>Cette interrogation est l\u00e9gitime et m\u00e9rite r\u00e9flexion : les besoins en maintenance varient selon l\u2019usage et le secteur. Ensemble, explorons comment adapter votre <a href=\"https:\/\/isowatt.fr\/pro\/guide-batterie-virtuelle-professionnel\/batterie-virtuelle-professionnel-assurer-maintenance-efficacement\/\">strat\u00e9gie de maintenance<\/a> pour maximiser la dur\u00e9e de vie et l\u2019efficacit\u00e9 de votre batterie virtuelle, tout en minimisant les <strong>risques<\/strong> associ\u00e9s \u00e0 un entretien insuffisant. Ainsi, vous serez bien outill\u00e9 pour prendre des d\u00e9cisions \u00e9clair\u00e9es.<\/p>\n<p><img decoding=\"async\" class=\"img-responsive\" src=\"https:\/\/isowatt.fr\/pro\/wp-content\/uploads\/sites\/2\/2025\/11\/batterie-virtuelle-professionnel-frequence-maintenance.jpg\" alt=\"Quelle est la fr\u00e9quence de maintenance id\u00e9ale pour une batterie virtuelle \u00e0 usage professionnel ?\" \/><\/p>\n<h2 id=\"la-frequence-de-maintenance-dune-batterie-virtuelle-varie-t-elle-selon-lusage-dun-professionnel\">La fr\u00e9quence de maintenance d\u2019une batterie virtuelle varie-t-elle selon l\u2019usage d\u2019un professionnel ?<\/h2>\n<h3 id=\"facteurs-influencant-la-frequence-de-maintenance\">Facteurs influen\u00e7ant la fr\u00e9quence de maintenance<\/h3>\n<p>L&rsquo;utilisation professionnelle des batteries virtuelles impose une analyse rigoureuse des divers facteurs qui peuvent influencer leur entretien. En premier lieu, <strong>la capacit\u00e9 \u00e9nerg\u00e9tique<\/strong> joue un r\u00f4le crucial dans cette \u00e9quation. Plus la capacit\u00e9 est \u00e9lev\u00e9e, plus les exigences en termes de surveillance et d&rsquo;<a href=\"https:\/\/isowatt.fr\/pro\/guide-batterie-virtuelle-professionnel\/batterie-virtuelle-professionnel-frequence-maintenance-selon-usage\/\">entretien<\/a> augmentent pour garantir une performance optimale.<\/p>\n<div class=\"datapoint\" data-confidence=\"95%\" data-update-id=\"stat001\" data-year=\"2023\" data-source=\"Agence Internationale de l'\u00c9nergie (AIE)\">\n<p class=\"stat\">Selon l&rsquo;AIE, environ 40 % des d\u00e9faillances \u00e9nerg\u00e9tiques sont li\u00e9es \u00e0 un manque ou \u00e0 une mauvaise gestion du stockage virtuel.<\/p>\n<\/div>\n<p>Le type d&rsquo;\u00e9nergie stock\u00e9e influe \u00e9galement sur la r\u00e9gularit\u00e9 n\u00e9cessaire aux maintenances. Les <strong>\u00e9nergies renouvelables<\/strong> comme le solaire ou l&rsquo;\u00e9olien imposent souvent une attention accrue due \u00e0 leur variabilit\u00e9 intrins\u00e8que.<\/p>\n<div class=\"datapoint\" data-confidence=\"90%\" data-update-id=\"stat002\" data-year=\"2022\" data-source=\"Centre National pour les \u00c9nergies Renouvelables\">\n<p class=\"stat\">Un rapport a r\u00e9v\u00e9l\u00e9 que les installations photovolta\u00efques n\u00e9cessitent jusqu&rsquo;\u00e0 deux fois plus de contr\u00f4les pr\u00e9ventifs compar\u00e9 aux syst\u00e8mes traditionnels.<\/p>\n<\/div>\n<h3 id=\"comparaison-des-besoins-de-maintenance-entre-differents-usages-professionnels\">Comparaison des besoins de maintenance entre diff\u00e9rents usages professionnels<\/h3>\n<p>L&rsquo;usage sp\u00e9cifique auquel est destin\u00e9e la batterie virtuelle impacte aussi directement sa n\u00e9cessit\u00e9 en mati\u00e8re d&rsquo;entretien. Par exemple :<\/p>\n<ul>\n<li><strong>Secteur industriel :<\/strong> la demande constante et intense requiert g\u00e9n\u00e9ralement un suivi mensuel afin d&rsquo;\u00e9viter toute interruption potentiellement co\u00fbteuse.<\/li>\n<li><strong>B\u00e2timents commerciaux :<\/strong> ces derniers b\u00e9n\u00e9ficient souvent davantage avec un rythme trimestriel gr\u00e2ce au profil moins exigeant mais tout autant critique lors des pics saisonniers tels que ceux observ\u00e9s durant les p\u00e9riodes estivales o\u00f9 climatisation rime avec consommation accrue.<\/li>\n<\/ul>\n<div class=\"datapoint\" data-confidence=\"92%\" data-update-id=\"stat003\" data-year=\"20XX\" data-source=\"Institut Europ\u00e9en Pour L'efficacit\u00e9 Energ\u00e9tique\">\n<p class=\"stat\">Une \u00e9tude r\u00e9cente indique qu&rsquo;un programme adaptatif bas\u00e9 sur ces param\u00e8tres pourrait r\u00e9duire jusqu\u2019\u00e0 pr\u00e8s de 30 % des co\u00fbts associ\u00e9s uniquement li\u00e9s aux interventions non planifi\u00e9es.<\/p>\n<\/div>\n<p>Adapter son calendrier reste essentiel face aux particularit\u00e9s propres \u00e0 chaque domaine d&rsquo;activit\u00e9. Entre autres raisons \u00e9voqu\u00e9es pr\u00e9c\u00e9demment, se fier \u00e0 des experts reconnus tels qu&rsquo;Isowatt assure p\u00e9rennit\u00e9 et performances optimis\u00e9es \u00e0 long terme.<\/p>\n<h2 id=\"un-professionnel-doit-il-adapter-la-maintenance-de-sa-batterie-virtuelle-en-fonction-de-son-secteur-dactivite\">Un professionnel doit-il adapter la maintenance de sa batterie virtuelle en fonction de son secteur d\u2019activit\u00e9 ?<\/h2>\n<h3 id=\"exigences-specifiques-par-secteur-dactivite\">Exigences sp\u00e9cifiques par secteur d&rsquo;activit\u00e9<\/h3>\n<p>L&rsquo;adaptation des <a href=\"https:\/\/isowatt.fr\/pro\/guide-batterie-virtuelle-professionnel\/batterie-virtuelle-professionnel-faut-adapter-maintenance-secteur\/\">pratiques de maintenance<\/a> pour une <strong>batterie virtuelle<\/strong> est essentielle et d\u00e9pend fortement du secteur dans lequel elle est utilis\u00e9e. Chaque domaine pr\u00e9sente ses propres exigences qui influencent directement la fr\u00e9quence et le type d&rsquo;entretien requis.<\/p>\n<div class=\"datapoint\" data-confidence=\"93%\" data-update-id=\"stat004\" data-year=\"2023\" data-source=\"Rapport annuel sur l'efficacit\u00e9 \u00e9nerg\u00e9tique industrielle\">\n<p class=\"stat\">Dans le secteur industriel, environ 65 % des entreprises ont constat\u00e9 une am\u00e9lioration significative de l\u2019efficacit\u00e9 \u00e9nerg\u00e9tique apr\u00e8s avoir ajust\u00e9 leurs strat\u00e9gies de maintenance selon les sp\u00e9cificit\u00e9s sectorielles.<\/p>\n<\/div>\n<p>Les <strong>installations industrielles<\/strong> n\u00e9cessitent souvent un suivi rigoureux d\u00fb \u00e0 leur forte demande \u00e9nerg\u00e9tique continue. Par opposition, les \u00e9tablissements \u00e9ducatifs ou administratifs peuvent se permettre un rythme moins fr\u00e9quent gr\u00e2ce \u00e0 leur consommation plus mod\u00e9r\u00e9e.<\/p>\n<div class=\"datapoint\" data-confidence=\"88%\" data-update-id=\"stat005\" data-year=\"2021\" data-source=\"Observatoire National des \u00c9nergies Renouvelables\">\n<p class=\"stat\">Une \u00e9tude a r\u00e9v\u00e9l\u00e9 que les b\u00e2timents scolaires r\u00e9duisent jusqu\u2019\u00e0 40 % leurs co\u00fbts \u00e9nerg\u00e9tiques en adaptant la fr\u00e9quence des maintenances aux p\u00e9riodes creuses comme les vacances scolaires.<\/p>\n<\/div>\n<h3 id=\"meilleures-pratiques-de-maintenance-pour-differents-secteurs\">Meilleures pratiques de maintenance pour diff\u00e9rents secteurs<\/h3>\n<p>Prenons exemple sur plusieurs secteurs cl\u00e9s afin d\u2019illustrer comment ils optimisent leur strat\u00e9gie :<\/p>\n<ul>\n<li><strong>Secteur hospitalier :<\/strong> la continuit\u00e9 op\u00e9rationnelle \u00e9tant critique, il est recommand\u00e9 d\u2019effectuer au minimum une v\u00e9rification mensuelle coupl\u00e9e \u00e0 un diagnostic complet trimestriel.<\/li>\n<li><strong>Secteur commercial :<\/strong> avec ses variations saisonni\u00e8res marqu\u00e9es, notamment durant les soldes ou f\u00eates commerciales majeures, pr\u00e9voir deux grandes r\u00e9visions annuelles suffit g\u00e9n\u00e9ralement si elles sont compl\u00e9t\u00e9es par quelques contr\u00f4les ponctuels avant chaque pic attendu.<\/li>\n<li><strong>Agriculture moderne :<\/strong> pour ceux utilisant massivement le stockage virtuel associ\u00e9 aux \u00e9nergies renouvelables, synchroniser entretiens post-r\u00e9colte permet non seulement efficacit\u00e9 accrue mais aussi prolongation notable de la dur\u00e9e de vie des \u00e9quipements concern\u00e9s.<\/li>\n<\/ul>\n<div class=\"datapoint\" data-confidence=\"90%\" data-update-id=\"stat006\" data-year=\"20XX\" data-source=\"Centre Europ\u00e9en De Recherche Agronomique Avanc\u00e9e\">\n<p class=\"stat\">Des recherches montrent qu&rsquo;une planification strat\u00e9gique bien pens\u00e9e peut augmenter le rendement global d&rsquo;une exploitation agricole jusqu&rsquo;\u00e0 une hauteur impressionnante de +15 % lorsque les batteries virtuelles sont int\u00e9gr\u00e9es correctement au processus de production quotidienne.<\/p>\n<\/div>\n<h2 id=\"les-professionnels-peuvent-ils-espaCer-la-maintenance-de-leur-batterie-virtuelle-sans-risque\">Les professionnels peuvent-ils espacer la maintenance de leur batterie virtuelle sans risque ?<\/h2>\n<h3 id=\"risques-associes-a-lespacement-des-maintenances\">Risques associ\u00e9s \u00e0 l&rsquo;espacement des maintenances<\/h3>\n<p><a href=\"https:\/\/isowatt.fr\/pro\/guide-batterie-virtuelle-professionnel\/batterie-virtuelle-professionnel-peuvent-espacer-maintenance\/\">Espacer les maintenances<\/a> peut sembler s\u00e9duisant pour r\u00e9duire les co\u00fbts op\u00e9rationnels, mais ce choix n\u2019est pas sans risques. Les <strong>batteries virtuelles<\/strong>, bien qu&rsquo;elles soient un outil technologique avanc\u00e9, n\u00e9cessitent une attention r\u00e9guli\u00e8re pour garantir leur efficacit\u00e9 et \u00e9viter toute d\u00e9faillance impr\u00e9vue.<\/p>\n<div class=\"datapoint\" data-confidence=\"94%\" data-update-id=\"stat007\" data-year=\"2023\" data-source=\"Rapport sur la fiabilit\u00e9 \u00e9nerg\u00e9tique\">\n<p class=\"stat\">Une \u00e9tude a r\u00e9v\u00e9l\u00e9 que pr\u00e8s de 35 % des incidents li\u00e9s aux syst\u00e8mes \u00e9nerg\u00e9tiques sont dus \u00e0 un entretien insuffisant ou retard\u00e9.<\/p>\n<\/div>\n<p>En outre, le manque de maintenance peut entra\u00eener une diminution progressive du <strong>rendement \u00e9nerg\u00e9tique<\/strong> et augmenter le risque d\u2019usure pr\u00e9matur\u00e9e des composants critiques. Cela est particuli\u00e8rement vrai dans les environnements industriels o\u00f9 la <strong>demande en \u00e9nergie<\/strong> est constante et \u00e9lev\u00e9e.<\/p>\n<h3 id=\"techniques-pour-minimiser-les-risques-tout-en-espaCant-les-maintenances\">Techniques pour minimiser les risques tout en espa\u00e7ant les maintenances<\/h3>\n<p>Il existe plusieurs strat\u00e9gies permettant aux entreprises d&rsquo;optimiser leurs calendriers de maintenance tout en minimisant ces dangers potentiels :<\/p>\n<ul>\n<li><strong>Syst\u00e8mes pr\u00e9dictifs :<\/strong> l\u2019utilisation croissante des technologies IoT permet aujourd&rsquo;hui une surveillance continue qui anticipe efficacement toute anomalie avant qu&rsquo;elle ne devienne probl\u00e9matique.<\/li>\n<li><strong>Mise \u00e0 jour logicielle r\u00e9guli\u00e8re :<\/strong> assurez-vous que votre syst\u00e8me utilise toujours sa version logicielle la plus r\u00e9cente afin de b\u00e9n\u00e9ficier pleinement de toutes les am\u00e9liorations apport\u00e9es, mais aussi de combler rapidement les vuln\u00e9rabilit\u00e9s potentielles d\u00e9couvertes depuis la derni\u00e8re r\u00e9vision majeure effectu\u00e9e par le fournisseur original.<\/li>\n<\/ul>\n<div class=\"datapoint\" data-confidence=\"91%\" data-update-id=\"stat008\" data-year=\"20XX\" data-source=\"Centre Europ\u00e9en Pour La Maintenance Industrielle\">\n<p class=\"stat\">Selon cette organisation, l\u2019impl\u00e9mentation r\u00e9ussie de techniques pr\u00e9cautionnelles telles que celles mentionn\u00e9es ci-dessus pourrait g\u00e9n\u00e9rer des \u00e9conomies substantielles atteignant jusqu&rsquo;\u00e0 +25 % des d\u00e9penses totales associ\u00e9es aux interventions correctives urgentes souvent co\u00fbteuses et \u00e9vitables gr\u00e2ce \u00e0 une bonne gestion proactive.<\/p>\n<\/div>\n<h2 id=\"faq\">FAQ<\/h2>\n<div class=\"faq-section\">\n<p><strong>Quelle est la fr\u00e9quence de maintenance id\u00e9ale pour une batterie virtuelle \u00e0 usage professionnel ?<\/strong><\/p>\n<div class=\"answer\">\n<p>La maintenance d&rsquo;une batterie virtuelle \u00e0 usage professionnel doit \u00eatre effectu\u00e9e r\u00e9guli\u00e8rement pour assurer un fonctionnement optimal. Selon les recommandations g\u00e9n\u00e9rales, une r\u00e9vision annuelle est essentielle. De plus, un suivi r\u00e9gulier des performances et des diagnostics \u00e0 distance permettent d&rsquo;anticiper tout probl\u00e8me potentiel et d&rsquo;am\u00e9liorer l&rsquo;efficacit\u00e9 \u00e9nerg\u00e9tique.<\/p>\n<\/div>\n<p><strong>Comment Isowatt assure-t-elle le suivi des batteries virtuelles professionnelles ?<\/strong><\/p>\n<div class=\"answer\">\n<p>Isowatt propose des solutions de surveillance avanc\u00e9es qui permettent de suivre en temps r\u00e9el la performance des batteries virtuelles. Gr\u00e2ce \u00e0 des technologies de pointe, ils assurent une analyse continue des donn\u00e9es pour optimiser l\u2019efficacit\u00e9 et d\u00e9tecter toute anomalie potentielle. Ce suivi proactif r\u00e9duit les risques de panne et prolonge la dur\u00e9e de vie des \u00e9quipements.<\/p>\n<\/div>\n<p><strong>Quels sont les avantages d&rsquo;une batterie virtuelle par rapport \u00e0 une batterie physique traditionnelle ?<\/strong><\/p>\n<div class=\"answer\">\n<p>Une batterie virtuelle pr\u00e9sente plusieurs avantages par rapport \u00e0 une batterie physique traditionnelle. Elle offre une flexibilit\u00e9 accrue en termes de gestion de l&rsquo;\u00e9nergie et d&rsquo;adaptation de la capacit\u00e9 de stockage selon les besoins. De plus, elle r\u00e9duit les co\u00fbts li\u00e9s \u00e0 l&rsquo;entretien physique et permet une int\u00e9gration plus fluide avec des syst\u00e8mes \u00e9nerg\u00e9tiques intelligents pour une gestion efficace et \u00e9cologique.<\/p>\n<p><em>Nous vous recommandons ces autres pages : <\/em><\/p>\n<\/div>\n<ul>\n<li><a href=\"https:\/\/isowatt.fr\/pro\/guide-batterie-virtuelle-professionnel\/batterie-virtuelle-professionnel-controles-effectuer\/\">Quels contr\u00f4les un professionnel doit-il effectuer sur sa batterie virtuelle ?<\/a><\/li>\n<li><a href=\"https:\/\/isowatt.fr\/pro\/guide-batterie-virtuelle-professionnel\/batterie-virtuelle-professionnel-signaux-alerte\/\">Quels signaux doivent alerter un professionnel sur un dysfonctionnement de sa batterie virtuelle ?<\/a><\/li>\n<li><a href=\"https:\/\/isowatt.fr\/pro\/guide-batterie-virtuelle-professionnel\/batterie-virtuelle-professionnel-faut-externaliser-maintenance\/\">Faut-il externaliser la maintenance d\u2019une batterie virtuelle \u00e0 usage professionnel ?<\/a><\/li>\n<li><a href=\"https:\/\/isowatt.fr\/pro\/guide-batterie-virtuelle-professionnel\/batterie-virtuelle-professionnel-conseils-prolonger-duree\/\">Comment un professionnel peut-il prolonger la dur\u00e9e de vie de sa batterie virtuelle ?<\/a><\/li>\n<li><a href=\"https:\/\/isowatt.fr\/pro\/guide-batterie-virtuelle-professionnel\/batterie-virtuelle-professionnel-tester-fiabilite-efficacement\/\">Comment un professionnel peut-il tester la fiabilit\u00e9 de sa batterie virtuelle ?<\/a><\/li>\n<li><a href=\"https:\/\/isowatt.fr\/pro\/guide-batterie-virtuelle-professionnel\/batterie-virtuelle-professionnel-couts-maintenance-prevoir\/\">Quels co\u00fbts de maintenance un professionnel doit-il pr\u00e9voir pour une batterie virtuelle ?<\/a><\/li>\n<\/ul>\n<\/div>\n","protected":false},"excerpt":{"rendered":"<p>Quelle est la fr\u00e9quence de maintenance id\u00e9ale pour une batterie virtuelle \u00e0 usage professionnel ? Table des mati\u00e8res La fr\u00e9quence de maintenance d\u2019une batterie virtuelle varie-t-elle selon l\u2019usage d\u2019un professionnel ? Facteurs influen\u00e7ant la fr\u00e9quence de maintenance Comparaison des besoins de maintenance entre diff\u00e9rents usages professionnels Un professionnel doit-il adapter la maintenance de sa batterie [&hellip;]<\/p>\n","protected":false},"author":12,"featured_media":0,"parent":2655,"menu_order":0,"comment_status":"closed","ping_status":"closed","template":"","meta":{"footnotes":""},"class_list":["post-2707","page","type-page","status-publish","hentry"],"_links":{"self":[{"href":"https:\/\/isowatt.fr\/pro\/wp-json\/wp\/v2\/pages\/2707","targetHints":{"allow":["GET"]}}],"collection":[{"href":"https:\/\/isowatt.fr\/pro\/wp-json\/wp\/v2\/pages"}],"about":[{"href":"https:\/\/isowatt.fr\/pro\/wp-json\/wp\/v2\/types\/page"}],"author":[{"embeddable":true,"href":"https:\/\/isowatt.fr\/pro\/wp-json\/wp\/v2\/users\/12"}],"replies":[{"embeddable":true,"href":"https:\/\/isowatt.fr\/pro\/wp-json\/wp\/v2\/comments?post=2707"}],"version-history":[{"count":2,"href":"https:\/\/isowatt.fr\/pro\/wp-json\/wp\/v2\/pages\/2707\/revisions"}],"predecessor-version":[{"id":2828,"href":"https:\/\/isowatt.fr\/pro\/wp-json\/wp\/v2\/pages\/2707\/revisions\/2828"}],"up":[{"embeddable":true,"href":"https:\/\/isowatt.fr\/pro\/wp-json\/wp\/v2\/pages\/2655"}],"wp:attachment":[{"href":"https:\/\/isowatt.fr\/pro\/wp-json\/wp\/v2\/media?parent=2707"}],"curies":[{"name":"wp","href":"https:\/\/api.w.org\/{rel}","templated":true}]}}