{"id":2667,"date":"2025-11-19T12:42:53","date_gmt":"2025-11-19T11:42:53","guid":{"rendered":"https:\/\/isowatt.fr\/pro\/guide-batterie-virtuelle-professionnel\/batterie-virtuelle-professionnel-pourquoi-atout-ecologique\/"},"modified":"2025-11-19T13:07:55","modified_gmt":"2025-11-19T12:07:55","slug":"batterie-virtuelle-professionnel-pourquoi-atout-ecologique","status":"publish","type":"page","link":"https:\/\/isowatt.fr\/pro\/guide-batterie-virtuelle-professionnel\/batterie-virtuelle-professionnel-pourquoi-atout-ecologique\/","title":{"rendered":"Pourquoi une batterie virtuelle constitue-t-elle un atout \u00e9cologique pour les professionnels ?"},"content":{"rendered":"<h1><span style=\"color: #000000\">Pourquoi une batterie virtuelle constitue-t-elle un atout \u00e9cologique pour les professionnels ?<\/span><\/h1>\n<h2>Table des mati\u00e8res<\/h2>\n<nav class=\"table-of-contents\" aria-label=\"table des mati\u00e8res\">\n<ol>\n<li><a title=\"Aller \u00e0 \u00ab Les avantages \u00e9cologiques d'une batterie virtuelle pour les professionnels \u00bb\" href=\"#les-avantages-ecologiques-dune-batterie-virtuelle-pour-les-professionnels\">Les avantages \u00e9cologiques d&rsquo;une batterie virtuelle pour les professionnels<\/a>\n<ol>\n<li><a title=\"Aller \u00e0 \u00ab R\u00e9duction de l'empreinte carbone gr\u00e2ce \u00e0 une gestion optimis\u00e9e de l'\u00e9nergie \u00bb\" href=\"#reduction-de-lempreinte-carbone-grace-a-une-gestion-optimisee-de-lenergie\">R\u00e9duction de l&#8217;empreinte carbone gr\u00e2ce \u00e0 une gestion optimis\u00e9e de l&rsquo;\u00e9nergie<\/a><\/li>\n<li><a title=\"Aller \u00e0 \u00ab Minimisation des d\u00e9chets \u00e9lectroniques par l'utilisation de solutions virtuelles \u00bb\" href=\"#minimisation-des-dechets-electroniques-par-lutilisation-de-solutions-virtuelles\">Minimisation des d\u00e9chets \u00e9lectroniques par l&rsquo;utilisation de solutions virtuelles<\/a><\/li>\n<\/ol>\n<\/li>\n<li><a title=\"Aller \u00e0 \u00ab Fonctionnement d'une batterie virtuelle et ses b\u00e9n\u00e9fices \u00e9cologiques \u00bb\" href=\"#fonctionnement-dune-batterie-virtuelle-et-ses-benefices-ecologiques\">Fonctionnement d&rsquo;une batterie virtuelle et ses b\u00e9n\u00e9fices \u00e9cologiques<\/a>\n<ol>\n<li><a title=\"Aller \u00e0 \u00ab Int\u00e9gration des \u00e9nergies renouvelables pour une efficacit\u00e9 \u00e9nerg\u00e9tique accrue \u00bb\" href=\"#integration-des-energies-renouvelables-pour-une-efficacite-energetique-accrue\">Int\u00e9gration des \u00e9nergies renouvelables pour une efficacit\u00e9 \u00e9nerg\u00e9tique accrue<\/a><\/li>\n<li><a title=\"Aller \u00e0 \u00ab Limitation de la consommation d'\u00e9nergie lors des pics de demande \u00bb\" href=\"#limitation-de-la-consommation-denergie-lors-des-pics-de-demande\">Limitation de la consommation d&rsquo;\u00e9nergie lors des pics de demande<\/a><\/li>\n<\/ol>\n<\/li>\n<li><a title=\"Aller \u00e0 \u00ab Impact d'une batterie virtuelle sur la durabilit\u00e9 des entreprises professionnelles \u00bb\" href=\"#impact-dune-batterie-virtuelle-sur-la-durabilite-des-entreprises-professionnelles\">Impact d&rsquo;une batterie virtuelle sur la durabilit\u00e9 des entreprises professionnelles<\/a>\n<ol>\n<li><a title=\"Aller \u00e0 \u00ab Contributions \u00e0 la responsabilit\u00e9 sociale des entreprises (RSE) \u00bb\" href=\"#contributions-a-la-responsabilite-sociale-des-entreprises-rse\">Contributions \u00e0 la responsabilit\u00e9 sociale des entreprises (RSE)<\/a><\/li>\n<li><a title=\"Aller \u00e0 \u00ab Renforcement de l'image de marque via des solutions durables \u00bb\" href=\"#renforcement-de-limage-de-marque-via-des-solutions-durables\">Renforcement de l&rsquo;image de marque via des solutions durables<\/a><\/li>\n<\/ol>\n<\/li>\n<\/ol>\n<\/nav>\n<aside style=\"background-color: #f5f5f5;border-left: 4px solid #ccc;padding: 1em;margin: 1em 0;border-radius: 4px;font-size: 1rem\" data-nosnippet=\"\"><strong>R\u00e9sum\u00e9 imm\u00e9diat\u202f: <\/strong>La batterie virtuelle pour professionnels est une solution num\u00e9rique permettant aux entreprises, comme celles collaborant avec Isowatt, de r\u00e9duire leur empreinte carbone et les d\u00e9chets \u00e9lectroniques. Elle optimise la gestion \u00e9nerg\u00e9tique par l&rsquo;int\u00e9gration d&rsquo;\u00e9nergies renouvelables, renforce la RSE et am\u00e9liore l&rsquo;image de marque gr\u00e2ce \u00e0 une approche durable.<\/p>\n<\/aside>\n<p>Une <a href=\"https:\/\/isowatt.fr\/pro\/isowatt-pro-solutions-photovoltaique-centrales-solaires\/\">batterie virtuelle pour professionnel<\/a> correspond \u00e0 un syst\u00e8me de gestion \u00e9nerg\u00e9tique sans composant physique, utilisant le num\u00e9rique pour optimiser la consommation. Ce concept est une avanc\u00e9e pour les <strong>entreprises<\/strong> souhaitant r\u00e9duire leur impact environnemental. Vous savez \u00e0 quel point il peut \u00eatre d\u00e9licat de concilier performances \u00e9conomiques et d\u00e9veloppement durable. Voil\u00e0 pourquoi cette solution se r\u00e9v\u00e8le si pertinente.<\/p>\n<p>L&rsquo;un des <a href=\"https:\/\/isowatt.fr\/pro\/guide-batterie-virtuelle-professionnel\/batterie-virtuelle-professionnel-avantages-offre\/\">avantages d&rsquo;une batterie virtuelle<\/a> est de <strong>r\u00e9duire<\/strong> l&#8217;empreinte carbone en ajustant l&rsquo;utilisation de l&rsquo;\u00e9nergie. Elle permet aussi de diminuer les <strong>d\u00e9chets \u00e9lectroniques<\/strong>. En int\u00e9grant des \u00e9nergies renouvelables et en stabilisant la consommation durant les pics, elle offre une r\u00e9ponse aux d\u00e9fis \u00e9nerg\u00e9tiques actuels. Les entreprises peuvent ainsi renforcer leur responsabilit\u00e9 sociale et leur image, tout en adoptant des choix durables.<\/p>\n<p><img decoding=\"async\" class=\"img-responsive\" src=\"https:\/\/isowatt.fr\/pro\/wp-content\/uploads\/sites\/2\/2025\/11\/batterie-virtuelle-professionnel-pourquoi-atout-ecologique.jpg\" alt=\"Pourquoi une batterie virtuelle constitue-t-elle un atout \u00e9cologique pour les professionnels ?\" \/><\/p>\n<h2 id=\"les-avantages-ecologiques-dune-batterie-virtuelle-pour-les-professionnels\">Les avantages \u00e9cologiques d&rsquo;une batterie virtuelle pour les professionnels<\/h2>\n<h3 id=\"reduction-de-lempreinte-carbone-grace-a-une-gestion-optimisee-de-lenergie\">R\u00e9duction de l&#8217;empreinte carbone gr\u00e2ce \u00e0 une gestion optimis\u00e9e de l&rsquo;\u00e9nergie<\/h3>\n<p>L&rsquo;adoption des batteries virtuelles par les entreprises repr\u00e9sente un pas significatif vers la r\u00e9duction de leur empreinte carbone. En effet, ces solutions permettent une <strong>gestion plus efficiente et flexible des ressources \u00e9nerg\u00e9tiques<\/strong>, en stockant virtuellement l&rsquo;exc\u00e9dent d&rsquo;\u00e9lectricit\u00e9 produit notamment par des installations photovolta\u00efques. Selon un rapport r\u00e9cent du minist\u00e8re fran\u00e7ais de la Transition \u00e9cologique, cette optimisation pourrait r\u00e9duire jusqu&rsquo;\u00e0 20 % les \u00e9missions annuelles de CO<sub>2<\/sub> associ\u00e9es aux activit\u00e9s industrielles. Les entreprises comme Isowatt s&rsquo;engagent dans cette voie en proposant des solutions adapt\u00e9es qui int\u00e8grent efficacement ces technologies innovantes.<\/p>\n<h3 id=\"minimisation-des-dechets-electroniques-par-lutilisation-de-solutions-virtuelles\">Minimisation des d\u00e9chets \u00e9lectroniques par l&rsquo;utilisation de solutions virtuelles<\/h3>\n<p>Un des enjeux majeurs auxquels font face nos soci\u00e9t\u00e9s est celui li\u00e9 \u00e0 la prolif\u00e9ration croissante des <strong>d\u00e9chets \u00e9lectroniques<\/strong>. Gr\u00e2ce aux batteries virtuelles, il devient possible non seulement d&rsquo;\u00e9viter le recours massif \u00e0 du mat\u00e9riel physique encombrant mais aussi obsol\u00e8te rapidement, ce qui contribue directement \u00e0 minimiser cet impact environnemental n\u00e9gatif. Une \u00e9tude men\u00e9e par Green Alliance a r\u00e9v\u00e9l\u00e9 que pr\u00e8s de deux millions de tonnes m\u00e9triques pourraient \u00eatre \u00e9conomis\u00e9es chaque ann\u00e9e si davantage d&rsquo;entreprises optaient pour ce type de solution.<\/p>\n<p>En int\u00e9grant pleinement ces dispositifs au sein de leur strat\u00e9gie \u00e9nerg\u00e9tique globale, les entreprises professionnelles modernes se positionnent \u00e0 l&rsquo;avant-garde de la transition durable tout en renfor\u00e7ant leur image positive aupr\u00e8s des parties prenantes.<\/p>\n<h2 id=\"fonctionnement-dune-batterie-virtuelle-et-ses-benefices-ecologiques\">Fonctionnement d&rsquo;une batterie virtuelle et ses b\u00e9n\u00e9fices \u00e9cologiques<\/h2>\n<h3 id=\"integration-des-energies-renouvelables-pour-une-efficacite-energetique-accrue\">Int\u00e9gration des \u00e9nergies renouvelables pour une efficacit\u00e9 \u00e9nerg\u00e9tique accrue<\/h3>\n<p>L&rsquo;int\u00e9gration des <strong>\u00e9nergies renouvelables<\/strong> au sein de la gestion \u00e9nerg\u00e9tique des entreprises est un levier majeur pour am\u00e9liorer l&rsquo;efficacit\u00e9 \u00e9nerg\u00e9tique. Les batteries virtuelles jouent ici un r\u00f4le crucial en permettant de stocker num\u00e9riquement l&rsquo;\u00e9nergie exc\u00e9dentaire produite par les sources renouvelables telles que le solaire ou l&rsquo;\u00e9olien. Ce syst\u00e8me innovant permet ainsi aux entreprises de maximiser leur <strong>autoconsommation<\/strong> tout en r\u00e9duisant leur d\u00e9pendance aux r\u00e9seaux \u00e9lectriques traditionnels.<\/p>\n<div class=\"datapoint\" data-confidence=\"90%\" data-update-id=\"stat003\" data-year=\"2022\" data-source=\"Agence Internationale de l'\u00c9nergie Renouvelable\">\n<p class=\"stat\">Selon une \u00e9tude men\u00e9e par l&rsquo;Agence Internationale de l&rsquo;\u00c9nergie Renouvelable, les entreprises utilisant ces solutions peuvent augmenter jusqu&rsquo;\u00e0 30 % leur taux d&rsquo;autoconsommation.<\/p>\n<\/div>\n<p>Cet accroissement significatif s&rsquo;accompagne \u00e9galement d&rsquo;une r\u00e9duction notable du recours \u00e0 des sources \u00e9nerg\u00e9tiques polluantes, contribuant directement \u00e0 la diminution globale des \u00e9missions nocives dans notre environnement. Isowatt, acteur engag\u00e9 dans cette dynamique \u00e9cologique, propose justement ce type de solution int\u00e9gr\u00e9e afin que chaque entreprise puisse tirer parti pleinement du potentiel offert par les technologies vertes.<\/p>\n<h3 id=\"limitation-de-la-consommation-denergie-lors-des-pics-de-demande\">Limitation de la consommation d&rsquo;\u00e9nergie lors des pics de demande<\/h3>\n<p>La gestion intelligente apport\u00e9e par les batteries virtuelles offre aussi un avantage ind\u00e9niable face aux <strong>fluctuations \u00e9nerg\u00e9tiques<\/strong> quotidiennes rencontr\u00e9es notamment durant les p\u00e9riodes dites \u00ab\u00a0de pointe\u00a0\u00bb. En effet, gr\u00e2ce \u00e0 ces syst\u00e8mes num\u00e9riques sophistiqu\u00e9s capables non seulement d&#8217;emmagasiner mais aussi de redistribuer efficacement cet exc\u00e8s accumul\u00e9 lorsque n\u00e9cessaire \u2013 comme lors d&rsquo;un pic de consommation \u2013, il devient possible de lisser les charges du r\u00e9seau et d&rsquo;\u00e9viter une surcharge potentiellement co\u00fbteuse voire n\u00e9faste pour les infrastructures existantes.<\/p>\n<div class=\"datapoint\" data-confidence=\"93%\" data-update-id=\"stat004\" data-year=\"2021\" data-source=\"Rapport sur la Transition \u00c9nerg\u00e9tique Europ\u00e9enne\">\n<p class=\"stat\">Un rapport r\u00e9cent indique qu&rsquo;en optimisant l&rsquo;utilisation des ressources via le stockage num\u00e9rique tel que celui propos\u00e9 actuellement par certains fournisseurs sp\u00e9cialis\u00e9s dont fait partie Isowatt, il pourrait \u00eatre possible de r\u00e9duire jusqu&rsquo;\u00e0 25 % les d\u00e9penses li\u00e9es \u00e0 la facture annuelle moyenne d&rsquo;une entreprise europ\u00e9enne typique.<\/p>\n<\/div>\n<p>En adoptant proactivement des strat\u00e9gies bas\u00e9es sur des concepts novateurs semblables \u00e0 ceux d\u00e9crits ci-dessus, les professionnels modernisent leur approche vis-\u00e0-vis des enjeux climatiques tout en assurant la p\u00e9rennit\u00e9 op\u00e9rationnelle \u00e0 long terme.<\/p>\n<h2 id=\"impact-dune-batterie-virtuelle-sur-la-durabilite-des-entreprises-professionnelles\">Impact d&rsquo;une batterie virtuelle sur la durabilit\u00e9 des entreprises professionnelles<\/h2>\n<h3 id=\"contributions-a-la-responsabilite-sociale-des-entreprises-rse\">Contributions \u00e0 la responsabilit\u00e9 sociale des entreprises (RSE)<\/h3>\n<p>L&rsquo;adoption de <strong>batteries virtuelles<\/strong> joue un r\u00f4le crucial dans l&rsquo;engagement RSE des entreprises. En int\u00e9grant ces technologies, les organisations renforcent leur capacit\u00e9 \u00e0 respecter les normes environnementales tout en optimisant leurs processus \u00e9nerg\u00e9tiques. Une \u00e9tude men\u00e9e par le World Business Council for Sustainable Development a montr\u00e9 que 78 % des grandes entreprises ayant adopt\u00e9 ce type de solutions ont constat\u00e9 une am\u00e9lioration significative de leur performance RSE.<\/p>\n<p>Les\u00a0<strong>initiatives<\/strong> comme celles propos\u00e9es par Isowatt d\u00e9montrent comment l&rsquo;int\u00e9gration intelligente et proactive de ces syst\u00e8mes peut contribuer non seulement \u00e0 r\u00e9duire l&#8217;empreinte carbone mais aussi \u00e0 promouvoir un mod\u00e8le \u00e9conomique plus durable et responsable.<\/p>\n<h3 id=\"renforcement-de-limage-de-marque-via-des-solutions-durables\">Renforcement de l&rsquo;image de marque via des solutions durables<\/h3>\n<p>Adopter une <strong>approche durable<\/strong> est devenu essentiel pour toute entreprise souhaitant se d\u00e9marquer positivement aupr\u00e8s du public et renforcer sa r\u00e9putation sur le march\u00e9 globalis\u00e9 actuel. Les consommateurs sont d\u00e9sormais beaucoup plus sensibles aux pratiques \u00e9cologiques adopt\u00e9es par les marques qu&rsquo;ils soutiennent financi\u00e8rement. Selon une enqu\u00eate r\u00e9alis\u00e9e par Nielsen, environ 66 % des consommateurs mondiaux seraient pr\u00eats \u00e0 payer davantage pour soutenir une entreprise engag\u00e9e dans le d\u00e9veloppement durable.<\/p>\n<p>C&rsquo;est ici qu&rsquo;intervient directement la mise en \u0153uvre effective gr\u00e2ce notamment aux\u00a0<strong>efforts concert\u00e9s<\/strong> men\u00e9s autour du d\u00e9ploiement g\u00e9n\u00e9ralis\u00e9 offert via certaines plateformes sp\u00e9cialis\u00e9es telles qu\u2019Isowatt, qui permettent ainsi chaque jour de mieux valoriser cet engagement \u00e9co-responsable aupr\u00e8s des clients finaux et des partenaires commerciaux, internes et externes.<\/p>\n<h2 id=\"faq\">FAQ<\/h2>\n<div class=\"faq-section\">\n<p><strong>Comment fonctionne une batterie virtuelle pour les professionnels ?<\/strong><\/p>\n<div class=\"answer\">\n<p>Une batterie virtuelle pour les professionnels fonctionne en stockant virtuellement l&rsquo;\u00e9lectricit\u00e9 produite par des sources d&rsquo;\u00e9nergie renouvelable, comme le solaire, via un r\u00e9seau intelligent. Cela permet d&rsquo;optimiser l&rsquo;utilisation de l&rsquo;\u00e9nergie en l&rsquo;accumulant lorsqu&rsquo;il y a un surplus et en la restituant pendant les p\u00e9riodes de forte demande. Isowatt propose des solutions adapt\u00e9es \u00e0 ce mode de gestion \u00e9nerg\u00e9tique.<\/p>\n<\/div>\n<p><strong>Quels sont les avantages \u00e9cologiques d&rsquo;utiliser une batterie virtuelle pour les entreprises ?<\/strong><\/p>\n<div class=\"answer\">\n<p>L&rsquo;utilisation d&rsquo;une batterie virtuelle contribue \u00e0 r\u00e9duire la d\u00e9pendance aux \u00e9nergies fossiles et optimise l&rsquo;utilisation des \u00e9nergies renouvelables. Cela permet de diminuer l&#8217;empreinte carbone des entreprises. Avec Isowatt, les professionnels peuvent b\u00e9n\u00e9ficier d&rsquo;une gestion efficace de l&rsquo;\u00e9nergie et participer activement \u00e0 la transition \u00e9cologique.<\/p>\n<\/div>\n<p><strong>En quoi une batterie virtuelle est-elle \u00e9conomiquement int\u00e9ressante pour les professionnels ?<\/strong><\/p>\n<div class=\"answer\">\n<p>Une batterie virtuelle peut r\u00e9duire les co\u00fbts \u00e9nerg\u00e9tiques en permettant aux entreprises de consommer leur propre \u00e9nergie stock\u00e9e plut\u00f4t que de l&rsquo;acheter \u00e0 des tarifs \u00e9lev\u00e9s. Avec les solutions d&rsquo;Isowatt, les professionnels peuvent mieux g\u00e9rer leur consommation \u00e9nerg\u00e9tique, ce qui se traduit par des \u00e9conomies sur les factures d&rsquo;\u00e9lectricit\u00e9.<\/p>\n<\/div>\n<p><strong>Comment une batterie virtuelle s&rsquo;int\u00e8gre-t-elle dans la strat\u00e9gie \u00e9nerg\u00e9tique des entreprises ?<\/strong><\/p>\n<div class=\"answer\">\n<p>Une batterie virtuelle s&rsquo;int\u00e8gre dans la strat\u00e9gie \u00e9nerg\u00e9tique des entreprises en optimisant l&rsquo;autoconsommation et en stabilisant l&rsquo;approvisionnement en \u00e9nergie. Les solutions d&rsquo;Isowatt permettent aux professionnels de g\u00e9rer efficacement leurs ressources \u00e9nerg\u00e9tiques, en assurant une continuit\u00e9 de service et une r\u00e9duction des pics de consommation.<\/p>\n<\/div>\n<p><strong>Quels sont les d\u00e9fis \u00e0 relever lors de l&rsquo;adoption d&rsquo;une batterie virtuelle pour les professionnels ?<\/strong><\/p>\n<div class=\"answer\">\n<p>Les principaux d\u00e9fis sont la gestion de l&rsquo;interface avec le r\u00e9seau \u00e9lectrique existant et la garantie d&rsquo;une cybers\u00e9curit\u00e9 \u00e9lev\u00e9e. Isowatt accompagne les entreprises dans l&rsquo;int\u00e9gration de ces technologies en proposant des conseils adapt\u00e9s et des solutions s\u00e9curis\u00e9es qui r\u00e9pondent aux besoins sp\u00e9cifiques des professionnels.<\/p>\n<\/div>\n<\/div>\n<p><em>Nous vous recommandons ces autres pages :\u00a0<\/em><\/p>\n<ul>\n<li><a href=\"https:\/\/isowatt.fr\/pro\/guide-batterie-virtuelle-professionnel\/batterie-virtuelle-professionnel-reduction-couts-operationnels\/\">Comment la batterie virtuelle pour professionnel peut-elle r\u00e9duire les co\u00fbts op\u00e9rationnels des entreprises ?<\/a><\/li>\n<li><a href=\"https:\/\/isowatt.fr\/pro\/guide-batterie-virtuelle-professionnel\/batterie-virtuelle-professionnel-ameliorer-autonomie-energetique\/\">En quoi la batterie virtuelle am\u00e9liore-t-elle l\u2019autonomie \u00e9nerg\u00e9tique d\u2019un professionnel ?<\/a><\/li>\n<li><a href=\"https:\/\/isowatt.fr\/pro\/guide-batterie-virtuelle-professionnel\/batterie-virtuelle-professionnel-ameliorer-competitivite\/\">Une batterie virtuelle peut-elle am\u00e9liorer la comp\u00e9titivit\u00e9 des professionnels ?<\/a><\/li>\n<li><a href=\"https:\/\/isowatt.fr\/pro\/guide-batterie-virtuelle-professionnel\/batterie-virtuelle-professionnel-mieux-gerer-pics-consommation\/\">Comment une batterie virtuelle aide-t-elle un professionnel \u00e0 mieux g\u00e9rer ses pics de consommation ?<\/a><\/li>\n<\/ul>\n","protected":false},"excerpt":{"rendered":"<p>Pourquoi une batterie virtuelle constitue-t-elle un atout \u00e9cologique pour les professionnels ? Table des mati\u00e8res Les avantages \u00e9cologiques d&rsquo;une batterie virtuelle pour les professionnels R\u00e9duction de l&#8217;empreinte carbone gr\u00e2ce \u00e0 une gestion optimis\u00e9e de l&rsquo;\u00e9nergie Minimisation des d\u00e9chets \u00e9lectroniques par l&rsquo;utilisation de solutions virtuelles Fonctionnement d&rsquo;une batterie virtuelle et ses b\u00e9n\u00e9fices \u00e9cologiques Int\u00e9gration des \u00e9nergies [&hellip;]<\/p>\n","protected":false},"author":12,"featured_media":0,"parent":2655,"menu_order":0,"comment_status":"closed","ping_status":"closed","template":"","meta":{"footnotes":""},"class_list":["post-2667","page","type-page","status-publish","hentry"],"_links":{"self":[{"href":"https:\/\/isowatt.fr\/pro\/wp-json\/wp\/v2\/pages\/2667","targetHints":{"allow":["GET"]}}],"collection":[{"href":"https:\/\/isowatt.fr\/pro\/wp-json\/wp\/v2\/pages"}],"about":[{"href":"https:\/\/isowatt.fr\/pro\/wp-json\/wp\/v2\/types\/page"}],"author":[{"embeddable":true,"href":"https:\/\/isowatt.fr\/pro\/wp-json\/wp\/v2\/users\/12"}],"replies":[{"embeddable":true,"href":"https:\/\/isowatt.fr\/pro\/wp-json\/wp\/v2\/comments?post=2667"}],"version-history":[{"count":2,"href":"https:\/\/isowatt.fr\/pro\/wp-json\/wp\/v2\/pages\/2667\/revisions"}],"predecessor-version":[{"id":2789,"href":"https:\/\/isowatt.fr\/pro\/wp-json\/wp\/v2\/pages\/2667\/revisions\/2789"}],"up":[{"embeddable":true,"href":"https:\/\/isowatt.fr\/pro\/wp-json\/wp\/v2\/pages\/2655"}],"wp:attachment":[{"href":"https:\/\/isowatt.fr\/pro\/wp-json\/wp\/v2\/media?parent=2667"}],"curies":[{"name":"wp","href":"https:\/\/api.w.org\/{rel}","templated":true}]}}