{"id":2655,"date":"2025-11-19T12:42:17","date_gmt":"2025-11-19T11:42:17","guid":{"rendered":"https:\/\/isowatt.fr\/pro\/guide-batterie-virtuelle-professionnel\/"},"modified":"2025-11-19T12:44:05","modified_gmt":"2025-11-19T11:44:05","slug":"guide-batterie-virtuelle-professionnel","status":"publish","type":"page","link":"https:\/\/isowatt.fr\/pro\/guide-batterie-virtuelle-professionnel\/","title":{"rendered":"Batterie virtuelle pour professionnel : le guide"},"content":{"rendered":"<h1>Batt<span style=\"color: #000000\">erie virtuelle pour professionnel : le guide<\/span><\/h1>\n<h2><a href=\"https:\/\/isowatt.fr\/pro\/guide-batterie-virtuelle-professionnel\/batterie-virtuelle-professionnel-guide-complet\/\">Batterie virtuelle pour professionnel : le guide complet<\/a><\/h2>\n<h3><a href=\"https:\/\/isowatt.fr\/pro\/guide-batterie-virtuelle-professionnel\/batterie-virtuelle-professionnel-avantages-offre\/\">Quels sont les avantages d\u2019une batterie virtuelle pour les professionnels ?<\/a><\/h3>\n<p><strong><a href=\"https:\/\/isowatt.fr\/pro\/guide-batterie-virtuelle-professionnel\/batterie-virtuelle-professionnel-reduction-couts-operationnels\/\">Comment la batterie virtuelle pour professionnel peut-elle r\u00e9duire les co\u00fbts op\u00e9rationnels des entreprises ?<\/a><\/strong><\/p>\n<p><strong><a href=\"https:\/\/isowatt.fr\/pro\/guide-batterie-virtuelle-professionnel\/batterie-virtuelle-professionnel-ameliorer-autonomie-energetique\/\">En quoi la batterie virtuelle am\u00e9liore-t-elle l\u2019autonomie \u00e9nerg\u00e9tique d\u2019un professionnel ?<\/a><\/strong><\/p>\n<p><strong><a href=\"https:\/\/isowatt.fr\/pro\/guide-batterie-virtuelle-professionnel\/batterie-virtuelle-professionnel-ameliorer-competitivite\/\">Une batterie virtuelle peut-elle am\u00e9liorer la comp\u00e9titivit\u00e9 des professionnels ?<\/a><\/strong><\/p>\n<p><strong><a href=\"https:\/\/isowatt.fr\/pro\/guide-batterie-virtuelle-professionnel\/batterie-virtuelle-professionnel-pourquoi-atout-ecologique\/\">Pourquoi une batterie virtuelle constitue-t-elle un atout \u00e9cologique pour les professionnels ?<\/a><\/strong><\/p>\n<p><strong><a href=\"https:\/\/isowatt.fr\/pro\/guide-batterie-virtuelle-professionnel\/batterie-virtuelle-professionnel-mieux-gerer-pics-consommation\/\">Comment une batterie virtuelle aide-t-elle un professionnel \u00e0 mieux g\u00e9rer ses pics de consommation ?<\/a><\/strong><\/p>\n<h3><a href=\"https:\/\/isowatt.fr\/pro\/guide-batterie-virtuelle-professionnel\/batterie-virtuelle-professionnel-optimiser-utilisation\/\">Comment optimiser l&rsquo;utilisation d&rsquo;une batterie virtuelle pour professionnel ?<\/a><\/h3>\n<p><strong><a href=\"https:\/\/isowatt.fr\/pro\/guide-batterie-virtuelle-professionnel\/batterie-virtuelle-professionnel-comment-programmer\/\">Comment un professionnel peut-il programmer sa batterie virtuelle ?<\/a><\/strong><\/p>\n<p><strong><a href=\"https:\/\/isowatt.fr\/pro\/guide-batterie-virtuelle-professionnel\/batterie-virtuelle-professionnel-outils-suivi\/\">Quels outils permettent \u00e0 un professionnel de suivre la performance de sa batterie virtuelle ?<\/a><\/strong><\/p>\n<p><strong><a href=\"https:\/\/isowatt.fr\/pro\/guide-batterie-virtuelle-professionnel\/batterie-virtuelle-professionnel-optimisation-analyse-donnees\/\">Comment l\u2019analyse des donn\u00e9es aide-t-elle un professionnel \u00e0 optimiser sa batterie virtuelle ?<\/a><\/strong><\/p>\n<p><strong><a href=\"https:\/\/isowatt.fr\/pro\/guide-batterie-virtuelle-professionnel\/batterie-virtuelle-professionnel-utiliser-energie\/\">\u00c0 quel moment un professionnel doit-il consommer l\u2019\u00e9nergie stock\u00e9e dans sa batterie virtuelle ?<\/a><\/strong><\/p>\n<p><strong><a href=\"https:\/\/isowatt.fr\/pro\/guide-batterie-virtuelle-professionnel\/batterie-virtuelle-professionnel-eviter-gaspillage-energetique\/\">Comment un professionnel peut-il \u00e9viter le gaspillage \u00e9nerg\u00e9tique avec sa batterie virtuelle ?<\/a><\/strong><\/p>\n<p><strong><a href=\"https:\/\/isowatt.fr\/pro\/guide-batterie-virtuelle-professionnel\/batterie-virtuelle-professionnel-adapter-batterie-horaires\/\">Comment un professionnel peut-il adapter sa batterie virtuelle \u00e0 ses horaires de travail ?<\/a><\/strong><\/p>\n<p><strong><a href=\"https:\/\/isowatt.fr\/pro\/guide-batterie-virtuelle-professionnel\/batterie-virtuelle-professionnel-integrer-strategie-energetique\/\">Comment un professionnel peut-il int\u00e9grer la batterie virtuelle dans sa strat\u00e9gie \u00e9nerg\u00e9tique globale ?<\/a><\/strong><\/p>\n<h3><a href=\"https:\/\/isowatt.fr\/pro\/guide-batterie-virtuelle-professionnel\/batterie-virtuelle-professionnel-assurer-maintenance-efficacement\/\">Comment assurer la maintenance d\u2019une batterie virtuelle pour usage professionnel ?<\/a><\/h3>\n<p><strong><a href=\"https:\/\/isowatt.fr\/pro\/guide-batterie-virtuelle-professionnel\/batterie-virtuelle-professionnel-controles-effectuer\/\">Quels contr\u00f4les un professionnel doit-il effectuer sur sa batterie virtuelle ?<\/a><\/strong><\/p>\n<p><strong><a href=\"https:\/\/isowatt.fr\/pro\/guide-batterie-virtuelle-professionnel\/batterie-virtuelle-professionnel-signaux-alerte\/\">Quels signaux doivent alerter un professionnel sur un dysfonctionnement de sa batterie virtuelle ?<\/a><\/strong><\/p>\n<p><a href=\"https:\/\/isowatt.fr\/pro\/guide-batterie-virtuelle-professionnel\/batterie-virtuelle-professionnel-comment-identifier-baisses-performance\/\">Comment identifier les baisses de performance d&rsquo;une batterie virtuelle pour professionnel ? <\/a><\/p>\n<p><a href=\"https:\/\/isowatt.fr\/pro\/guide-batterie-virtuelle-professionnel\/batterie-virtuelle-professionnel-autonomie-baisse-signe-dommage\/\">Une autonomie qui diminue est-elle toujours le signe d\u2019une batterie virtuelle endommag\u00e9e ?<\/a><\/p>\n<p><a href=\"https:\/\/isowatt.fr\/pro\/guide-batterie-virtuelle-professionnel\/batterie-virtuelle-professionnel-lenteur-recharge-signe-dysfonctionnement\/\">Faut-il consid\u00e9rer la lenteur de recharge comme un signe de dysfonctionnement d\u2019une batterie virtuelle pour professionnel ?<\/a><\/p>\n<p><strong><a href=\"https:\/\/isowatt.fr\/pro\/guide-batterie-virtuelle-professionnel\/batterie-virtuelle-professionnel-faut-externaliser-maintenance\/\">Faut-il externaliser la maintenance d\u2019une batterie virtuelle \u00e0 usage professionnel ?<\/a><\/strong><\/p>\n<p><strong><a href=\"https:\/\/isowatt.fr\/pro\/guide-batterie-virtuelle-professionnel\/batterie-virtuelle-professionnel-conseils-prolonger-duree\/\">Comment un professionnel peut-il prolonger la dur\u00e9e de vie de sa batterie virtuelle ?<\/a><\/strong><\/p>\n<p><strong><a href=\"https:\/\/isowatt.fr\/pro\/guide-batterie-virtuelle-professionnel\/batterie-virtuelle-professionnel-tester-fiabilite-efficacement\/\">Comment un professionnel peut-il tester la fiabilit\u00e9 de sa batterie virtuelle ?<\/a><\/strong><\/p>\n<p><strong><a href=\"https:\/\/isowatt.fr\/pro\/guide-batterie-virtuelle-professionnel\/batterie-virtuelle-professionnel-frequence-maintenance\/\">Quelle est la fr\u00e9quence de maintenance id\u00e9ale pour une batterie virtuelle \u00e0 usage professionnel ?<\/a><\/strong><\/p>\n<p><a href=\"https:\/\/isowatt.fr\/pro\/guide-batterie-virtuelle-professionnel\/batterie-virtuelle-professionnel-frequence-maintenance-selon-usage\/\">La fr\u00e9quence de maintenance d\u2019une batterie virtuelle varie-t-elle selon l\u2019usage d\u2019un professionnel ?<\/a><\/p>\n<p><a href=\"https:\/\/isowatt.fr\/pro\/guide-batterie-virtuelle-professionnel\/batterie-virtuelle-professionnel-faut-adapter-maintenance-secteur\/\">Un professionnel doit-il adapter la maintenance de sa batterie virtuelle en fonction de son secteur d\u2019activit\u00e9 ?<\/a><\/p>\n<p><a href=\"https:\/\/isowatt.fr\/pro\/guide-batterie-virtuelle-professionnel\/batterie-virtuelle-professionnel-peuvent-espacer-maintenance\/\">Les professionnels peuvent-ils espacer la maintenance de leur batterie virtuelle sans risque ?<\/a><\/p>\n<p><strong><a href=\"https:\/\/isowatt.fr\/pro\/guide-batterie-virtuelle-professionnel\/batterie-virtuelle-professionnel-couts-maintenance-prevoir\/\">Quels co\u00fbts de maintenance un professionnel doit-il pr\u00e9voir pour une batterie virtuelle ?<\/a><\/strong><\/p>\n<h3><a href=\"https:\/\/isowatt.fr\/pro\/guide-batterie-virtuelle-professionnel\/batterie-virtuelle-professionnel-criteres-choisir\/\">Quels crit\u00e8res prendre en compte pour choisir une batterie virtuelle pour professionnel ?<\/a><\/h3>\n<p><strong><a href=\"https:\/\/isowatt.fr\/pro\/guide-batterie-virtuelle-professionnel\/batterie-virtuelle-professionnel-evaluer-besoins-energetiques\/\">Comment \u00e9valuer ses besoins \u00e9nerg\u00e9tiques avant de choisir une batterie virtuelle \u00e0 usage professionnel ?<\/a><\/strong><\/p>\n<p><strong><a href=\"https:\/\/isowatt.fr\/pro\/guide-batterie-virtuelle-professionnel\/batterie-virtuelle-professionnel-criteres-financiers-choix-pro\/\">Quels crit\u00e8res financiers prendre en compte dans le choix d\u2019une batterie virtuelle pour professionnel ?<\/a><\/strong><\/p>\n<p><strong><a href=\"https:\/\/isowatt.fr\/pro\/guide-batterie-virtuelle-professionnel\/batterie-virtuelle-professionnel-choisir-selon-taille-entreprise\/\">Comment choisir une batterie virtuelle \u00e0 usage professionnel adapt\u00e9e \u00e0 la taille de son entreprise ?<\/a><\/strong><\/p>\n<p><strong><a href=\"https:\/\/isowatt.fr\/pro\/guide-batterie-virtuelle-professionnel\/batterie-virtuelle-professionnel-impact-localisation-geographique\/\">La localisation g\u00e9ographique a-t-elle une influence sur le choix d\u2019une batterie virtuelle pour professionnel ?<\/a><\/strong><\/p>\n<p><strong><a href=\"https:\/\/isowatt.fr\/pro\/guide-batterie-virtuelle-professionnel\/batterie-virtuelle-professionnel-criteres-securite-choisir\/\">Quels crit\u00e8res de s\u00e9curit\u00e9 doivent guider un professionnel dans le choix d\u2019une batterie virtuelle ?<\/a><\/strong><\/p>\n<p><strong><a href=\"https:\/\/isowatt.fr\/pro\/guide-batterie-virtuelle-professionnel\/batterie-virtuelle-professionnel-choisir-selon-croissance\/\">Comment tenir compte de ses pr\u00e9visions de croissance pour choisir une batterie virtuelle \u00e0 usage professionnel ?<\/a><\/strong><\/p>\n<p><strong><a href=\"https:\/\/isowatt.fr\/pro\/guide-batterie-virtuelle-professionnel\/batterie-virtuelle-professionnel-faut-duree-engagement\/\">Faut-il une dur\u00e9e d\u2019engagement minimale pour une batterie virtuelle \u00e0 usage professionnel ?<\/a><\/strong><\/p>\n<h3><a href=\"https:\/\/isowatt.fr\/pro\/guide-batterie-virtuelle-professionnel\/batterie-virtuelle-professionnel-types-entreprises-adaptees\/\">Pour quels types d&rsquo;entreprises ou de professionnels une batt\u00e9rie virtuelle est-elle adapt\u00e9e ?<\/a><\/h3>\n<p><strong><a href=\"https:\/\/isowatt.fr\/pro\/guide-batterie-virtuelle-professionnel\/batterie-virtuelle-professionnel-adaptee-petites-entreprises\/\">Une batterie virtuelle pour professionnel est-elle adapt\u00e9e aux petites entreprises ?<\/a><\/strong><\/p>\n<p><strong><a href=\"https:\/\/isowatt.fr\/pro\/guide-batterie-virtuelle-professionnel\/batterie-virtuelle-professionnel-peuvent-tirer-profit\/\">Les professionnels ind\u00e9pendants peuvent-ils tirer profit d\u2019une batterie virtuelle ?<\/a><\/strong><\/p>\n<p><strong><a href=\"https:\/\/isowatt.fr\/pro\/guide-batterie-virtuelle-professionnel\/batterie-virtuelle-professionnel-utile-tertiaire\/\">Une batterie virtuelle est-elle utile pour les professionnels du secteur tertiaire ?<\/a><\/strong><\/p>\n<p><strong><a href=\"https:\/\/isowatt.fr\/pro\/guide-batterie-virtuelle-professionnel\/batterie-virtuelle-professionnel-profiter-startup\/\">Une batterie virtuelle \u00e0 usage professionnel peut-elle profiter \u00e0 une startup professionnelle ?<\/a><\/strong><\/p>\n<p><strong><a href=\"https:\/\/isowatt.fr\/pro\/guide-batterie-virtuelle-professionnel\/batterie-virtuelle-professionnel-peuvent-utiliser\/\">Les entreprises agricoles peuvent-elles utiliser une batterie virtuelle \u00e0 usage professionnels ?<\/a><\/strong><\/p>\n<p><strong><a href=\"https:\/\/isowatt.fr\/pro\/guide-batterie-virtuelle-professionnel\/batterie-virtuelle-professionnel-convient-artisans\/\">Une batterie virtuelle pour professionnel convient-elle aux besoins des artisans ?<\/a><\/strong><\/p>\n<p><strong><a href=\"https:\/\/isowatt.fr\/pro\/guide-batterie-virtuelle-professionnel\/batterie-virtuelle-professionnel-peuvent-profiter-medical\/\">Les professionnels du secteur m\u00e9dical peuvent-ils tirer profit d&rsquo;une batterie virtuelle ?<\/a><\/strong><\/p>\n<h3><a href=\"https:\/\/isowatt.fr\/pro\/guide-batterie-virtuelle-professionnel\/batterie-virtuelle-professionnel-couts-utilisation-expliques\/\">Quels sont les co\u00fbts associ\u00e9s \u00e0 l&rsquo;utilisation d&rsquo;une batterie virtuelle \u00e0 usage professionnel ?<\/a><\/h3>\n<p><strong><a href=\"https:\/\/isowatt.fr\/pro\/guide-batterie-virtuelle-professionnel\/batterie-virtuelle-professionnel-estimer-frais-mensuels\/\">Comment estimer les frais mensuels li\u00e9s \u00e0 une batterie virtuelle pour professionnel ?<\/a><\/strong><\/p>\n<p><strong><a href=\"https:\/\/isowatt.fr\/pro\/guide-batterie-virtuelle-professionnel\/batterie-virtuelle-professionnel-couts-caches-rencontrer\/\">Quels co\u00fbts cach\u00e9s un professionnel peut-il rencontrer avec une batterie virtuelle ?<\/a><\/strong><\/p>\n<p><strong><a href=\"https:\/\/isowatt.fr\/pro\/guide-batterie-virtuelle-professionnel\/batterie-virtuelle-professionnel-frais-abonnement-prevoir\/\">Quels frais d\u2019abonnement un professionnel doit-il consid\u00e9rer pour une batterie virtuelle ?<\/a><\/strong><\/p>\n<p><strong><a href=\"https:\/\/isowatt.fr\/pro\/guide-batterie-virtuelle-professionnel\/batterie-virtuelle-professionnel-couts-selon-taille-entreprise\/\">Comment les co\u00fbts d\u2019une batterie virtuelle \u00e0 usage professionnel varient-ils selon la taille d\u2019une entreprise ?<\/a><\/strong><\/p>\n<p><strong><a href=\"https:\/\/isowatt.fr\/pro\/guide-batterie-virtuelle-professionnel\/batterie-virtuelle-professionnel-comment-amortir-investissement\/\">Comment amortir l\u2019investissement dans une batterie virtuelle pour professionnel ?<\/a><\/strong><\/p>\n<p><strong><a href=\"https:\/\/isowatt.fr\/pro\/guide-batterie-virtuelle-professionnel\/batterie-virtuelle-professionnel-financements-couts\/\">Existe-t-il des financements pouvant aider un professionnel \u00e0 couvrir le co\u00fbt d\u2019une batterie virtuelle ?<\/a><\/strong><\/p>\n<p><strong><a href=\"https:\/\/isowatt.fr\/pro\/guide-batterie-virtuelle-professionnel\/batterie-virtuelle-professionnel-comment-reduire-couts\/\">Comment r\u00e9duire les co\u00fbts d&rsquo;exploitation d&rsquo;une batterie virtuelle \u00e0 usage professionnel ?<\/a><\/strong><\/p>\n<h3><a href=\"https:\/\/isowatt.fr\/pro\/guide-batterie-virtuelle-professionnel\/batterie-virtuelle-professionnel-erreurs-eviter-usage\/\">Quelles erreurs \u00e9viter lors de l&rsquo;usage d\u2019une batterie virtuelle pour professionnels ?<\/a><\/h3>\n<p><strong><a href=\"https:\/\/isowatt.fr\/pro\/guide-batterie-virtuelle-professionnel\/batterie-virtuelle-professionnel-erreurs-gestion-eviter\/\">Quelles erreurs de gestion \u00e9nerg\u00e9tique un professionnel doit-il \u00e9viter avec une batterie virtuelle ?<\/a><\/strong><\/p>\n<p><strong><a href=\"https:\/\/isowatt.fr\/pro\/guide-batterie-virtuelle-professionnel\/batterie-virtuelle-professionnel-pourquoi-eviter-ignorer-maj\/\">Pourquoi un professionnel doit \u00e9viter d&rsquo;ignorer les mises \u00e0 jour logicielles de sa batterie virtuelle ?<\/a><\/strong><\/p>\n<p><strong><a href=\"https:\/\/isowatt.fr\/pro\/guide-batterie-virtuelle-professionnel\/batterie-virtuelle-professionnel-erreurs-securite-eviter\/\">Quelles erreurs de s\u00e9curit\u00e9 faut-il \u00e9viter avec une batterie virtuelle \u00e0 usage professionnel ?<\/a><\/strong><\/p>\n<p><strong><a href=\"https:\/\/isowatt.fr\/pro\/guide-batterie-virtuelle-professionnel\/batterie-virtuelle-professionnel-erreurs-integration-eviter\/\">Quelles erreurs d\u2019int\u00e9gration un professionnel doit-il \u00e9viter avec sa batterie virtuelle ?<\/a><\/strong><\/p>\n<p><strong><a href=\"https:\/\/isowatt.fr\/pro\/guide-batterie-virtuelle-professionnel\/batterie-virtuelle-professionnel-erreurs-programmation-cycles\/\">Quelles erreurs peuvent survenir lors de la programmation des cycles de charge d&rsquo;une batterie virtuelle pour professionnel ?<\/a><\/strong><\/p>\n<p><strong><a href=\"https:\/\/isowatt.fr\/pro\/guide-batterie-virtuelle-professionnel\/batterie-virtuelle-professionnel-consequences-maintenance-insuffisante\/\">Quelles sont les cons\u00e9quences d&rsquo;une maintenance insuffisante de la batterie virtuelle \u00e0 usage professionnel ?<\/a><\/strong><\/p>\n","protected":false},"excerpt":{"rendered":"<p>Batterie virtuelle pour professionnel : le guide Batterie virtuelle pour professionnel : le guide complet Quels sont les avantages d\u2019une batterie virtuelle pour les professionnels ? Comment la batterie virtuelle pour professionnel peut-elle r\u00e9duire les co\u00fbts op\u00e9rationnels des entreprises ? En quoi la batterie virtuelle am\u00e9liore-t-elle l\u2019autonomie \u00e9nerg\u00e9tique d\u2019un professionnel ? Une batterie virtuelle peut-elle [&hellip;]<\/p>\n","protected":false},"author":12,"featured_media":0,"parent":0,"menu_order":0,"comment_status":"closed","ping_status":"closed","template":"","meta":{"footnotes":""},"class_list":["post-2655","page","type-page","status-publish","hentry"],"_links":{"self":[{"href":"https:\/\/isowatt.fr\/pro\/wp-json\/wp\/v2\/pages\/2655","targetHints":{"allow":["GET"]}}],"collection":[{"href":"https:\/\/isowatt.fr\/pro\/wp-json\/wp\/v2\/pages"}],"about":[{"href":"https:\/\/isowatt.fr\/pro\/wp-json\/wp\/v2\/types\/page"}],"author":[{"embeddable":true,"href":"https:\/\/isowatt.fr\/pro\/wp-json\/wp\/v2\/users\/12"}],"replies":[{"embeddable":true,"href":"https:\/\/isowatt.fr\/pro\/wp-json\/wp\/v2\/comments?post=2655"}],"version-history":[{"count":1,"href":"https:\/\/isowatt.fr\/pro\/wp-json\/wp\/v2\/pages\/2655\/revisions"}],"predecessor-version":[{"id":2693,"href":"https:\/\/isowatt.fr\/pro\/wp-json\/wp\/v2\/pages\/2655\/revisions\/2693"}],"wp:attachment":[{"href":"https:\/\/isowatt.fr\/pro\/wp-json\/wp\/v2\/media?parent=2655"}],"curies":[{"name":"wp","href":"https:\/\/api.w.org\/{rel}","templated":true}]}}