{"id":2342,"date":"2025-11-17T12:07:08","date_gmt":"2025-11-17T11:07:08","guid":{"rendered":"https:\/\/isowatt.fr\/pro\/guide-leasing\/"},"modified":"2025-11-17T12:10:32","modified_gmt":"2025-11-17T11:10:32","slug":"guide-leasing","status":"publish","type":"page","link":"https:\/\/isowatt.fr\/pro\/guide-leasing\/","title":{"rendered":"Location professionnelle de toiture photovolta\u00efque (leasing) : le guide"},"content":{"rendered":"<h1><span style=\"color: #000000\">Location professionnelle de toiture photovolta\u00efque (leasing) : le guide<\/span><\/h1>\n<h2><a href=\"https:\/\/isowatt.fr\/pro\/guide-leasing\/leasing-toiture-photovoltaique-faut-savoir\/\">Location professionnelle de toiture photovolta\u00efque (leasing) : tout ce que vous devez savoir<\/a><\/h2>\n<h3><a href=\"https:\/\/isowatt.fr\/pro\/guide-leasing\/leasing-toiture-photovoltaique-comment-marche\/\">Comment fonctionne le leasing de toiture photovolta\u00efque ?<\/a><\/h3>\n<p><strong><a href=\"https:\/\/isowatt.fr\/pro\/guide-leasing\/leasing-toiture-photovoltaique-quoi-differe-achat\/\">En quoi le leasing de toiture photovolta\u00efque diff\u00e8re-t-il d\u2019un achat classique d\u2019installation solaire ?<\/a><\/strong><\/p>\n<p><strong><a href=\"https:\/\/isowatt.fr\/pro\/guide-leasing\/leasing-toiture-photovoltaique-role-exploitant\/\">Quel est le r\u00f4le de l\u2019exploitant dans le leasing de toiture photovolta\u00efque ?<\/a><\/strong><\/p>\n<p><strong><a href=\"https:\/\/isowatt.fr\/pro\/guide-leasing\/leasing-toiture-photovoltaique-processus-signature-contrat\/\">Comment se d\u00e9roule la signature d\u2019un contrat de leasing de toiture photovolta\u00efque ?<\/a><\/strong><\/p>\n<p><strong><a href=\"https:\/\/isowatt.fr\/pro\/guide-leasing\/leasing-toiture-etapes-cles-leasing-photovoltaique\/\">Quelles sont les \u00e9tapes cl\u00e9s du leasing de toiture photovolta\u00efque ?<\/a><\/strong><\/p>\n<p><a href=\"https:\/\/isowatt.fr\/pro\/guide-leasing\/leasing-toiture-photovoltaique-etude-faisabilite-expliquee\/\">Comment se d\u00e9roule l\u2019\u00e9tude de faisabilit\u00e9 dans un leasing de toiture photovolta\u00efque ?<\/a><\/p>\n<p><a href=\"https:\/\/isowatt.fr\/pro\/guide-leasing\/leasing-role-diagnostic-energetique-toiture-pv\/\">Quel r\u00f4le joue le diagnostic \u00e9nerg\u00e9tique dans un leasing de toiture photovolta\u00efque ?<\/a><\/p>\n<p><a href=\"https:\/\/isowatt.fr\/pro\/guide-leasing\/leasing-toiture-photovoltaique-mise-service-expliquee\/\">Comment se passe la mise en service dans un leasing de toiture photovolta\u00efque ?<\/a><\/p>\n<p><a href=\"https:\/\/isowatt.fr\/pro\/guide-leasing\/leasing-toiture-evaluer-rentabilite-leasing-solaire\/\">Comment \u00e9valuer la rentabilit\u00e9 d\u2019un leasing de toiture photovolta\u00efque ?<\/a><\/p>\n<p><a href=\"https:\/\/isowatt.fr\/pro\/guide-leasing\/leasing-toiture-photovoltaique-duree-moyenne\/\">Quelle est la dur\u00e9e moyenne de mise en place d&rsquo;un leasing de toiture photovolta\u00efque ?<\/a><\/p>\n<p><strong><a href=\"https:\/\/isowatt.fr\/pro\/guide-leasing\/leasing-duree-moyenne-contrat-toiture-photovoltaique\/\">Quelle est la dur\u00e9e moyenne d\u2019un contrat de leasing de toiture photovolta\u00efque ?<\/a><\/strong><\/p>\n<p><strong><a href=\"https:\/\/isowatt.fr\/pro\/guide-leasing\/leasing-photovoltaique-gere-entretien-toit\/\">Qui prend en charge l\u2019entretien dans un leasing de toiture photovolta\u00efque ?<\/a><\/strong><\/p>\n<p><a href=\"https:\/\/isowatt.fr\/pro\/guide-leasing\/leasing-toiture-photovoltaique-entretien-inclus\/\">L\u2019entreprise de leasing assure-t-elle l\u2019entretien dans un leasing de toiture photovolta\u00efque ?<\/a><\/p>\n<p><a href=\"https:\/\/isowatt.fr\/pro\/guide-leasing\/leasing-toiture-photovoltaique-frais-entretien-inclus\/\">Les frais d\u2019entretien sont-ils inclus dans le contrat de leasing de toiture photovolta\u00efque ?<\/a><\/p>\n<p><a href=\"https:\/\/isowatt.fr\/pro\/guide-leasing\/leasing-photovoltaique-supporte-reparations-majeures\/\">Qui supporte les r\u00e9parations majeures dans un leasing de toiture photovolta\u00efque ?<\/a><\/p>\n<p><a href=\"https:\/\/isowatt.fr\/pro\/guide-leasing\/leasing-photovoltaique-passe-cas-defaut-entretien\/\">Que se passe-t-il en cas de d\u00e9faut d\u2019entretien dans un leasing de toiture photovolta\u00efque ?<\/a><\/p>\n<p><strong><a href=\"https:\/\/isowatt.fr\/pro\/guide-leasing\/leasing-photovoltaique-integration-transition-energetique\/\">Comment le leasing de toiture photovolta\u00efque s\u2019int\u00e8gre-t-il dans la transition \u00e9nerg\u00e9tique ?<\/a><\/strong><\/p>\n<h3><a href=\"https:\/\/isowatt.fr\/pro\/guide-leasing\/leasing-toiture-photovoltaique-avantages\/\">Quels sont les avantages du leasing de toiture photovolta\u00efque ?<\/a><\/h3>\n<p><strong><a href=\"https:\/\/isowatt.fr\/pro\/guide-leasing\/leasing-toiture-photovoltaique-pourquoi-seduit-collectivites\/\">Pourquoi le leasing de toiture photovolta\u00efque s\u00e9duit-il autant les collectivit\u00e9s locales ?<\/a><\/strong><\/p>\n<p><strong><a href=\"https:\/\/isowatt.fr\/pro\/guide-leasing\/leasing-toiture-photovoltaique-reduction-risques-financiers\/\">En quoi le leasing de toiture photovolta\u00efque r\u00e9duit-il les risques financiers ?<\/a><\/strong><\/p>\n<p><strong><a href=\"https:\/\/isowatt.fr\/pro\/guide-leasing\/leasing-toiture-photovoltaique-valoriser-patrimoine-immobilier\/\">Comment le leasing de toiture photovolta\u00efque permet-il de valoriser un patrimoine immobilier ?<\/a><\/strong><\/p>\n<p><strong><a href=\"https:\/\/isowatt.fr\/pro\/guide-leasing\/leasing-toiture-photovoltaique-avantages-fiscaux\/\">Quels avantages fiscaux peut apporter le leasing de toiture photovolta\u00efque ?<\/a><\/strong><\/p>\n<p><strong><a href=\"https:\/\/isowatt.fr\/pro\/guide-leasing\/leasing-photovoltaique-ameliore-performance-energetique\/\">Le leasing de toiture photovolta\u00efque am\u00e9liore-t-il la performance \u00e9nerg\u00e9tique des b\u00e2timents ?<\/a><\/strong><\/p>\n<p><strong><a href=\"https:\/\/isowatt.fr\/pro\/guide-leasing\/leasing-pourquoi-agriculteurs-tournent-photovoltaique\/\">Pourquoi le leasing de toiture photovolta\u00efque attire-t-il de plus en plus d\u2019agriculteurs ?<\/a><\/strong><\/p>\n<h3><a href=\"https:\/\/isowatt.fr\/pro\/guide-leasing\/leasing-toiture-photovoltaique-beneficier-france\/\">Qui peut b\u00e9n\u00e9ficier du leasing de toiture photovolta\u00efque en France ?<\/a><\/h3>\n<p><strong><a href=\"https:\/\/isowatt.fr\/pro\/guide-leasing\/leasing-photovoltaique-accessible-particuliers\/\">Le leasing de toiture photovolta\u00efque est-il accessible aux particuliers ?<\/a><\/strong><\/p>\n<p><strong><a href=\"https:\/\/isowatt.fr\/pro\/guide-leasing\/leasing-agricole-peuvent-beneficier-toiture-photovoltaique\/\">Les agriculteurs peuvent-ils b\u00e9n\u00e9ficier du leasing de toiture photovolta\u00efque ?<\/a><\/strong><\/p>\n<p><strong><a href=\"https:\/\/isowatt.fr\/pro\/guide-leasing\/leasing-bailleurs-sociaux-ont-acces-leasing-photovoltaique\/\">Les bailleurs sociaux ont-ils acc\u00e8s au leasing de toiture photovolta\u00efque ?<\/a><\/strong><\/p>\n<p><strong><a href=\"https:\/\/isowatt.fr\/pro\/guide-leasing\/leasing-toiture-photovoltaique-ouvert-coproprietes\/\">Le leasing de toiture photovolta\u00efque est-il ouvert aux copropri\u00e9t\u00e9s ?<\/a><\/strong><\/p>\n<p><strong><a href=\"https:\/\/isowatt.fr\/pro\/guide-leasing\/leasing-photovoltaique-avantages-professionnels-independants\/\">Les professionnels ind\u00e9pendants peuvent-ils b\u00e9n\u00e9ficier du leasing de toiture photovolta\u00efque ?<\/a><\/strong><\/p>\n<p><strong><a href=\"https:\/\/isowatt.fr\/pro\/guide-leasing\/leasing-toiture-photovoltaique-possible-proprietaires\/\">Les propri\u00e9taires de b\u00e2timents industriels peuvent-ils recourir au leasing de toiture photovolta\u00efque ?<\/a><\/strong><\/p>\n<p><strong><a href=\"https:\/\/isowatt.fr\/pro\/guide-leasing\/leasing-toiture-photovoltaique-convient-entreprises\/\">Le leasing de toiture photovolta\u00efque convient-il aux entreprises tertiaires ?<\/a><\/strong><\/p>\n<h3><a href=\"https:\/\/isowatt.fr\/pro\/guide-leasing\/leasing-toiture-photovoltaique-criteres-avant-signer\/\">Quels crit\u00e8res faut-il v\u00e9rifier avant de signer un contrat de leasing de toiture photovolta\u00efque ?<\/a><\/h3>\n<p><strong><a href=\"https:\/\/isowatt.fr\/pro\/guide-leasing\/leasing-toiture-photovoltaique-surface-minimale\/\">Quelle surface minimale est requise pour un leasing de toiture photovolta\u00efque ?<\/a><\/strong><\/p>\n<p><strong><a href=\"https:\/\/isowatt.fr\/pro\/guide-leasing\/leasing-photovoltaique-type-toiture-influe\/\">Le type de toiture influe-t-il sur la faisabilit\u00e9 du leasing de toiture photovolta\u00efque ?<\/a><\/strong><\/p>\n<p><strong><a href=\"https:\/\/isowatt.fr\/pro\/guide-leasing\/leasing-toiture-impact-localisation-geographique\/\">La localisation g\u00e9ographique influence-t-elle leasing de toiture photovolta\u00efque ?<\/a><\/strong><\/p>\n<p><strong><a href=\"https:\/\/isowatt.fr\/pro\/guide-leasing\/leasing-toiture-photovoltaique-criteres-financiers-examiner\/\">Quels crit\u00e8res financiers faut-il examiner dans un leasing de toiture photovolta\u00efque ?<\/a><\/strong><\/p>\n<p><a href=\"https:\/\/isowatt.fr\/pro\/guide-leasing\/leasing-toiture-couts-initiaux-prevoir\/\">Quels co\u00fbts initiaux faut-il pr\u00e9voir dans un leasing de toiture photovolta\u00efque ?<\/a><\/p>\n<p><a href=\"https:\/\/isowatt.fr\/pro\/guide-leasing\/leasing-toiture-photovoltaique-frais-caches\/\">Quels frais cach\u00e9s peuvent exister dans un leasing de toiture photovolta\u00efque ?<\/a><\/p>\n<p><a href=\"https:\/\/isowatt.fr\/pro\/guide-leasing\/leasing-toiture-photovoltaique-options-achat-rentables\/\">Les options d\u2019achat en fin de contrat sont-elles toujours rentables dans un leasing de toiture photovolta\u00efque ?<\/a><\/p>\n<p><a href=\"https:\/\/isowatt.fr\/pro\/guide-leasing\/leasing-photovoltaique-mensuel-annuel-toiture\/\">Faut-il privil\u00e9gier un paiement mensuel ou annuel dans un leasing de toiture photovolta\u00efque ?<\/a><\/p>\n<p><a href=\"https:\/\/isowatt.fr\/pro\/guide-leasing\/leasing-toiture-plus-interessant-achat\/\">Le leasing de toiture photovolta\u00efque est-il plus int\u00e9ressant qu\u2019un achat direct ?<\/a><\/p>\n<p><strong><a href=\"https:\/\/isowatt.fr\/pro\/guide-leasing\/leasing-toiture-photovoltaique-garanties-inclure\/\">Quelles garanties doivent \u00eatre inclues dans un contrat de leasing de toiture photovolta\u00efque ?<\/a><\/strong><\/p>\n<p><strong><a href=\"https:\/\/isowatt.fr\/pro\/guide-leasing\/leasing-toiture-photovoltaique-modalites-resiliation-contrat\/\">Quelles sont les modalit\u00e9s de r\u00e9siliation que doit inclure un contrat de leasing de toiture photovolta\u00efque ?<\/a><\/strong><\/p>\n<p><strong><a href=\"https:\/\/isowatt.fr\/pro\/guide-leasing\/leasing-tout-savoir-assurance-contrat\/\">L&rsquo;assurance dans un contrat de leasing : que faut-il savoir ?<\/a><\/strong><\/p>\n<h3><a href=\"https:\/\/isowatt.fr\/pro\/guide-leasing\/leasing-toiture-photovoltaique-profiter\/\">Qui peut profiter de la location de toiture photovolta\u00efque ?<\/a><\/h3>\n<p><strong><a href=\"https:\/\/isowatt.fr\/pro\/guide-leasing\/leasing-proprietaires-prives-peuvent-profiter-location-toiture-photovoltaique\/\">Les propri\u00e9taires priv\u00e9s peuvent-ils profiter de la location de toiture photovolta\u00efque ?<\/a><\/strong><\/p>\n<p><strong><a href=\"https:\/\/isowatt.fr\/pro\/guide-leasing\/leasing-avantages-location-toiture-photovoltaique-pme\/\">Quels avantages les PME peuvent-elles tirer de la location de toiture photovolta\u00efque ?<\/a><\/strong><\/p>\n<p><strong><a href=\"https:\/\/isowatt.fr\/pro\/guide-leasing\/leasing-photovoltaique-associations-peuvent-louer-toiture\/\">Les associations peuvent-elles recourir \u00e0 la location de toiture photovolta\u00efque ?<\/a><\/strong><\/p>\n<p><strong><a href=\"https:\/\/isowatt.fr\/pro\/guide-leasing\/leasing-toiture-photovoltaique-possible-entrepots\/\">Les gestionnaires de grands entrep\u00f4ts peuvent-ils recourir \u00e0 la location de toiture photovolta\u00efque ?<\/a><\/strong><\/p>\n<p><strong><a href=\"https:\/\/isowatt.fr\/pro\/guide-leasing\/leasing-toiture-photovoltaique-avantageux-proprietaires\/\">La location de toiture photovolta\u00efque est-elle avantageuse pour les propri\u00e9taires de bureaux ?<\/a><\/strong><\/p>\n<p><strong><a href=\"https:\/\/isowatt.fr\/pro\/guide-leasing\/leasing-toiture-photovoltaique-ecoles-peuvent-beneficier\/\">Les \u00e9coles peuvent-elles b\u00e9n\u00e9ficier de la location de toiture photovolta\u00efque ?<\/a><\/strong><\/p>\n<p><strong><a href=\"https:\/\/isowatt.fr\/pro\/guide-leasing\/leasing-solaire-hotels-tirent-profit-location\/\">Les h\u00f4tels peuvent-ils profiter de la location de toiture photovolta\u00efque ?<\/a><\/strong><\/p>\n<h3><a href=\"https:\/\/isowatt.fr\/pro\/guide-leasing\/leasing-toitures-photovoltaiques-demarches-pros\/\">Location de toiture photovolta\u00efque pour les professionnels : quelles d\u00e9marches pr\u00e9voir ?<\/a><\/h3>\n<p><strong><a href=\"https:\/\/isowatt.fr\/pro\/guide-leasing\/leasing-photovoltaique-documents-fournir-pros\/\">Quels documents fournir pour une location de toiture photovolta\u00efque pour les professionnels ?<\/a><\/strong><\/p>\n<p><strong><a href=\"https:\/\/isowatt.fr\/pro\/guide-leasing\/leasing-toiture-photovoltaique-duree-pros\/\">Combien de temps peut durer une location de toiture photovolta\u00efque pour les professionnels ?<\/a><\/strong><\/p>\n<p><strong><a href=\"https:\/\/isowatt.fr\/pro\/guide-leasing\/leasing-photovoltaique-faut-autorisation-pros\/\">Faut-il une autorisation administrative pour une location de toiture photovolta\u00efque pour les professionnels ?<\/a><\/strong><\/p>\n<p><strong><a href=\"https:\/\/isowatt.fr\/pro\/guide-leasing\/leasing-toiture-photovoltaique-faut-etude-technique\/\">Faut-il une \u00e9tude technique pour une location de toiture photovolta\u00efque pour les professionnels ?<\/a><\/strong><\/p>\n<p><strong><a href=\"https:\/\/isowatt.fr\/pro\/guide-leasing\/leasing-photovoltaique-conseils-negocier-contrat\/\">Comment n\u00e9gocier un contrat de location de toiture photovolta\u00efque pour les professionnels ?<\/a><\/strong><\/p>\n<p><strong><a href=\"https:\/\/isowatt.fr\/pro\/guide-leasing\/leasing-toiture-photovoltaique-fiscalite-pros\/\">Quelle fiscalit\u00e9 s\u2019applique \u00e0 la location de toiture photovolta\u00efque pour les professionnels ?<\/a><\/strong><\/p>\n<p><strong><a href=\"https:\/\/isowatt.fr\/pro\/guide-leasing\/leasing-photovoltaique-faut-consulter-expert-avant\/\">Faut-il consulter un expert avant une location de toiture photovolta\u00efque pour les professionnels ?<\/a><\/strong><\/p>\n<h3><a href=\"https:\/\/isowatt.fr\/pro\/guide-leasing\/leasing-photovoltaique-compatible-tous-batiments\/\">La location de toiture photovolta\u00efque est-elle compatible avec tous les b\u00e2timents ?<\/a><\/h3>\n<p><strong><a href=\"https:\/\/isowatt.fr\/pro\/guide-leasing\/leasing-location-toiture-photovoltaique-maisons\/\">La location de toiture photovolta\u00efque est-elle adapt\u00e9e aux maisons individuelles ?<\/a><\/strong><\/p>\n<p><a href=\"https:\/\/isowatt.fr\/pro\/guide-leasing\/leasing-photovoltaique-rentable-maison\/\">La location de toiture photovolta\u00efque est-elle rentable pour une maison individuelle ?<\/a><\/p>\n<p><a href=\"https:\/\/isowatt.fr\/pro\/guide-leasing\/leasing-photovoltaique-valorisation-revente-maison\/\">La location de toiture photovolta\u00efque valorise-t-elle la revente d\u2019une maison individuelle ?<\/a><\/p>\n<p><a href=\"https:\/\/isowatt.fr\/pro\/guide-leasing\/leasing-solaire-location-petites-toitures-convient\/\">La location de toiture photovolta\u00efque convient-elle aux maisons individuelles avec de petites surfaces de toiture ?<\/a><\/p>\n<p><a href=\"https:\/\/isowatt.fr\/pro\/guide-leasing\/leasing-toiture-photovoltaique-contraintes-travaux-futurs\/\">La location de toiture photovolta\u00efque implique-t-elle des contraintes pour les travaux futurs d&rsquo;une maison individuelle ?<\/a><\/p>\n<p><a href=\"https:\/\/isowatt.fr\/pro\/guide-leasing\/leasing-photovoltaique-beneficiez-vous-aides-maison\/\">La location de toiture photovolta\u00efque pour une maison individuelle permet-elle de b\u00e9n\u00e9ficier d\u2019aides ou de subventions publiques ?<\/a><\/p>\n<p><a href=\"https:\/\/isowatt.fr\/pro\/guide-leasing\/leasing-photovoltaique-adapte-residences-secondaires\/\">La location de toiture photovolta\u00efque est-elle adapt\u00e9e aux r\u00e9sidences secondaires ?<\/a><\/p>\n<p><strong><a href=\"https:\/\/isowatt.fr\/pro\/guide-leasing\/leasing-toiture-photovoltaique-adaptee-industrie\/\">La location de toiture photovolta\u00efque est-elle adapt\u00e9e aux b\u00e2timents industriels ?<\/a><\/strong><\/p>\n<p><strong><a href=\"https:\/\/isowatt.fr\/pro\/guide-leasing\/leasing-location-toiture-photovoltaique-immeubles-collectifs\/\">La location de toiture photovolta\u00efque est-elle adapt\u00e9e aux immeubles collectifs ?<\/a><\/strong><\/p>\n<p><a href=\"https:\/\/isowatt.fr\/pro\/guide-leasing\/leasing-benefices-toiture-photovoltaique-immeuble\/\">Quels b\u00e9n\u00e9fices la location de toiture photovolta\u00efque apporte-t-elle aux locataires d\u2019un immeuble collectif ?<\/a><\/p>\n<p><a href=\"https:\/\/isowatt.fr\/pro\/guide-leasing\/leasing-solaire-possible-toits-terrasses-collectifs\/\">La location de toiture photovolta\u00efque est-elle possible sur les toits-terrasses d&rsquo;un immeubles collectif ?<\/a><\/p>\n<p><a href=\"https:\/\/isowatt.fr\/pro\/guide-leasing\/leasing-photovoltaique-adapte-residences-sociales-hlm\/\">La location de toiture photovolta\u00efque est-elle adapt\u00e9e aux r\u00e9sidences sociales ou HLM ?<\/a><\/p>\n<p><strong><a href=\"https:\/\/isowatt.fr\/pro\/guide-leasing\/leasing-possible-louer-toiture-photovoltaique-toit-ancien\/\">La location de toiture photovolta\u00efque est-elle possible sur des toits anciens ?<\/a><\/strong><\/p>\n<p><a href=\"https:\/\/isowatt.fr\/pro\/guide-leasing\/leasing-photovoltaique-faut-renover-toit-ancien\/\">La location de toiture photovolta\u00efque n\u00e9cessite-t-elle une r\u00e9novation pr\u00e9alable d\u2019un toit ancien ?<\/a><\/p>\n<p><a href=\"https:\/\/isowatt.fr\/pro\/guide-leasing\/leasing-photovoltaique-adapte-tuiles-ardoises\/\">La location de toiture photovolta\u00efque est-elle adapt\u00e9e aux mat\u00e9riaux traditionnels (tuiles, ardoises) ?<\/a><\/p>\n<p><a href=\"https:\/\/isowatt.fr\/pro\/guide-leasing\/leasing-photovoltaique-accepte-assureurs-toits-anciens\/\">La location de toiture photovolta\u00efque est-elle accept\u00e9e par les assureurs pour des toits anciens ?<\/a><\/p>\n<p><strong><a href=\"https:\/\/isowatt.fr\/pro\/guide-leasing\/leasing-toiture-photovoltaique-toitures-plates-conviennent\/\">Les toitures plates conviennent-elles \u00e0 la location de toiture photovolta\u00efque ?<\/a><\/strong><\/p>\n<p><strong><a href=\"https:\/\/isowatt.fr\/pro\/guide-leasing\/leasing-photovoltaique-batiments-publics-adaptes\/\">Les b\u00e2timents publics peuvent-ils \u00eatre utilis\u00e9s pour une location de toiture photovolta\u00efque ?<\/a><\/strong><\/p>\n<p><a href=\"https:\/\/isowatt.fr\/pro\/guide-leasing\/leasing-photovoltaique-financer-projets-municipaux\/\">La location de toiture photovolta\u00efque peut-elle financer des projets municipaux ?<\/a><\/p>\n<p><a href=\"https:\/\/isowatt.fr\/pro\/guide-leasing\/leasing-toiture-photovoltaique-reduit-factures-electricite\/\">La location de toiture photovolta\u00efque est-elle un moyen de r\u00e9duire les factures d\u2019\u00e9lectricit\u00e9 des b\u00e2timents publics ?<\/a><\/p>\n<p><a href=\"https:\/\/isowatt.fr\/pro\/guide-leasing\/leasing-photovoltaique-integrer-politique-energetique\/\">La location de toiture photovolta\u00efque peut-elle \u00eatre int\u00e9gr\u00e9e dans une politique \u00e9nerg\u00e9tique locale ?<\/a><\/p>\n<p><a href=\"https:\/\/isowatt.fr\/pro\/guide-leasing\/leasing-toitures-photovoltaiques-adapte-hopitaux\/\">La location de toiture photovolta\u00efque est-elle adapt\u00e9e pour les h\u00f4pitaux publics ?<\/a><\/p>\n<p><strong><a href=\"https:\/\/isowatt.fr\/pro\/guide-leasing\/leasing-photovoltaique-location-batiments-patrimoniaux\/\">La location de toiture photovolta\u00efque est-elle possible avec des b\u00e2timents patrimoniaux ?<\/a><\/strong><\/p>\n","protected":false},"excerpt":{"rendered":"<p>Location professionnelle de toiture photovolta\u00efque (leasing) : le guide Location professionnelle de toiture photovolta\u00efque (leasing) : tout ce que vous devez savoir Comment fonctionne le leasing de toiture photovolta\u00efque ? En quoi le leasing de toiture photovolta\u00efque diff\u00e8re-t-il d\u2019un achat classique d\u2019installation solaire ? Quel est le r\u00f4le de l\u2019exploitant dans le leasing de toiture [&hellip;]<\/p>\n","protected":false},"author":12,"featured_media":0,"parent":0,"menu_order":0,"comment_status":"closed","ping_status":"closed","template":"","meta":{"footnotes":""},"class_list":["post-2342","page","type-page","status-publish","hentry"],"_links":{"self":[{"href":"https:\/\/isowatt.fr\/pro\/wp-json\/wp\/v2\/pages\/2342","targetHints":{"allow":["GET"]}}],"collection":[{"href":"https:\/\/isowatt.fr\/pro\/wp-json\/wp\/v2\/pages"}],"about":[{"href":"https:\/\/isowatt.fr\/pro\/wp-json\/wp\/v2\/types\/page"}],"author":[{"embeddable":true,"href":"https:\/\/isowatt.fr\/pro\/wp-json\/wp\/v2\/users\/12"}],"replies":[{"embeddable":true,"href":"https:\/\/isowatt.fr\/pro\/wp-json\/wp\/v2\/comments?post=2342"}],"version-history":[{"count":1,"href":"https:\/\/isowatt.fr\/pro\/wp-json\/wp\/v2\/pages\/2342\/revisions"}],"predecessor-version":[{"id":2415,"href":"https:\/\/isowatt.fr\/pro\/wp-json\/wp\/v2\/pages\/2342\/revisions\/2415"}],"wp:attachment":[{"href":"https:\/\/isowatt.fr\/pro\/wp-json\/wp\/v2\/media?parent=2342"}],"curies":[{"name":"wp","href":"https:\/\/api.w.org\/{rel}","templated":true}]}}